{"id":970,"date":"2024-03-11T08:46:43","date_gmt":"2024-03-11T11:46:43","guid":{"rendered":"https:\/\/sergiometais.com.br\/?post_type=product&#038;p=970"},"modified":"2024-08-29T08:38:04","modified_gmt":"2024-08-29T11:38:04","slug":"colar-cordao-veneziana-feminino-pingente-pai-resinado","status":"publish","type":"product","link":"http:\/\/sergiometais.com.br\/?product=colar-cordao-veneziana-feminino-pingente-pai-resinado","title":{"rendered":"Colar cord\u00e3o Veneziana Feminino pingente Pai Resinado"},"content":{"rendered":"<p>O colar Amor de Pai \u00e9 uma bela joia que simboliza o amor incondicional entre um pai e seu filho. Feito com materiais de alta qualidade, esse colar \u00e9 uma pe\u00e7a \u00fanica e especial, perfeita para presentear ou usar como um lembrete constante desse v\u00ednculo t\u00e3o especial.<\/p>\n<p>O colar \u00e9 composto por um pingente delicado em forma de cora\u00e7\u00e3o, que representa o amor paterno. O cora\u00e7\u00e3o , simbolizando o brilho e a preciosidade desse amor.<\/p>\n<p>O colar Amor de Pai \u00e9 ajust\u00e1vel, permitindo que seja usado por pessoas de diferentes tamanhos e idades. Al\u00e9m disso, o fecho \u00e9 resistente e seguro, garantindo que o colar fique sempre no lugar.<\/p>\n<p>Essa joia \u00e9 perfeita para presentear em ocasi\u00f5es especiais, como o Dia dos Pais, anivers\u00e1rios, ou simplesmente para demonstrar o amor e gratid\u00e3o pelo pai em qualquer momento. \u00c9 uma lembran\u00e7a duradoura e significativa que pode ser passada de gera\u00e7\u00e3o em gera\u00e7\u00e3o.<\/p>\n<p>Com o colar Amor de Pai, \u00e9 poss\u00edvel carregar esse sentimento \u00fanico e especial sempre perto do cora\u00e7\u00e3o. \u00c9 uma declara\u00e7\u00e3o de amor que pode ser usada com orgulho e que certamente ser\u00e1 apreciada por qualquer pai.<\/p>\n<p>Adquira agora mesmo o colar Amor de Pai e\u00a0 com uma joia que representa todo o seu amor e gratid\u00e3o.<\/p>\n","protected":false},"excerpt":{"rendered":"<div class=\"woocommerce-product-details__short-description\">\n<div class=\"woocommerce-product-details__short-description\">\n<div class=\"woocommerce-product-details__short-description\">\n<p>Corrente Veneziana de 2 mm.<\/p>\n<p>Colar de 40 cm de altura mais alongadora de 10 cm , totalizando 50 cm.<\/p>\n<p>Pingente<\/p>\n<p>Pingente banhado em Ouro Catafor\u00e9tico.<\/p>\n<p>Peso do colar + pingente<\/p>\n<\/div>\n<\/div>\n<\/div>\n","protected":false},"featured_media":1688,"comment_status":"open","ping_status":"closed","template":"","meta":[],"product_brand":[],"product_cat":[18],"product_tag":[],"class_list":{"0":"post-970","1":"product","2":"type-product","3":"status-publish","4":"has-post-thumbnail","6":"product_cat-colar","8":"first","9":"instock","10":"purchasable","11":"product-type-simple"},"jetpack_sharing_enabled":true,"_links":{"self":[{"href":"http:\/\/sergiometais.com.br\/index.php?rest_route=\/wp\/v2\/product\/970","targetHints":{"allow":["GET"]}}],"collection":[{"href":"http:\/\/sergiometais.com.br\/index.php?rest_route=\/wp\/v2\/product"}],"about":[{"href":"http:\/\/sergiometais.com.br\/index.php?rest_route=\/wp\/v2\/types\/product"}],"replies":[{"embeddable":true,"href":"http:\/\/sergiometais.com.br\/index.php?rest_route=%2Fwp%2Fv2%2Fcomments&post=970"}],"wp:featuredmedia":[{"embeddable":true,"href":"http:\/\/sergiometais.com.br\/index.php?rest_route=\/wp\/v2\/media\/1688"}],"wp:attachment":[{"href":"http:\/\/sergiometais.com.br\/index.php?rest_route=%2Fwp%2Fv2%2Fmedia&parent=970"}],"wp:term":[{"taxonomy":"product_brand","embeddable":true,"href":"http:\/\/sergiometais.com.br\/index.php?rest_route=%2Fwp%2Fv2%2Fproduct_brand&post=970"},{"taxonomy":"product_cat","embeddable":true,"href":"http:\/\/sergiometais.com.br\/index.php?rest_route=%2Fwp%2Fv2%2Fproduct_cat&post=970"},{"taxonomy":"product_tag","embeddable":true,"href":"http:\/\/sergiometais.com.br\/index.php?rest_route=%2Fwp%2Fv2%2Fproduct_tag&post=970"}],"curies":[{"name":"wp","href":"https:\/\/api.w.org\/{rel}","templated":true}]}}