{"id":966,"date":"2024-03-11T08:37:00","date_gmt":"2024-03-11T11:37:00","guid":{"rendered":"https:\/\/sergiometais.com.br\/?post_type=product&#038;p=966"},"modified":"2024-08-29T08:38:17","modified_gmt":"2024-08-29T11:38:17","slug":"colar-cordao-veneziana-feminino-pingente-mae","status":"publish","type":"product","link":"http:\/\/sergiometais.com.br\/?product=colar-cordao-veneziana-feminino-pingente-mae","title":{"rendered":"Colar cord\u00e3o Veneziana Feminino pingente M\u00e3e Resinado"},"content":{"rendered":"<p>O Colar Amor de M\u00e3e \u00e9 uma joia delicada e significativa que celebra o amor incondicional entre m\u00e3es e filhos. Feito com materiais de alta qualidade, esse colar \u00e9 o presente perfeito para expressar todo o carinho e gratid\u00e3o que sentimos pelas nossas m\u00e3es.<\/p>\n<p>O design do Colar Amor de M\u00e3e \u00e9 elegante e minimalista, com um pingente em formato de cora\u00e7\u00e3o. O cora\u00e7\u00e3o simboliza o amor e a conex\u00e3o profunda que existe entre uma m\u00e3e e seu filho. O colar est\u00e1 dispon\u00edvel em diferentes materiais, como prata esterlina e ouro 18k, para atender aos diferentes gostos e prefer\u00eancias.<\/p>\n<p>Al\u00e9m do design encantador, o Colar Amor de M\u00e3e tamb\u00e9m pode ser personalizado com nomes ou datas importantes. Essa personaliza\u00e7\u00e3o torna o colar ainda mais especial e \u00fanico, tornando-o uma lembran\u00e7a preciosa que ser\u00e1 valorizada por toda a vida.<\/p>\n<p>O Colar Amor de M\u00e3e \u00e9 uma joia vers\u00e1til, perfeita para uso di\u00e1rio ou para ocasi\u00f5es especiais. Seja para presentear sua m\u00e3e no Dia das M\u00e3es, anivers\u00e1rio ou qualquer outra data comemorativa, esse colar \u00e9 uma escolha significativa e emocionante.<\/p>\n<p>Mostre o quanto voc\u00ea ama e valoriza sua m\u00e3e com o Colar Amor de M\u00e3e. Surpreenda-a com essa joia especial e eternize o amor que voc\u00eas compartilham.<\/p>\n","protected":false},"excerpt":{"rendered":"<p>Corrente Veneziana de<\/p>\n<p>Colar de 40 cm de altura mais alongadora de 10 cm , totalizando 50 cm.<\/p>\n<p>Pingente altura de<\/p>\n<p>Pingente banhado em Ouro Catafor\u00e9tico.<\/p>\n<p>Peso do colar + pingente<\/p>\n","protected":false},"featured_media":1689,"comment_status":"open","ping_status":"closed","template":"","meta":[],"product_brand":[],"product_cat":[18],"product_tag":[],"class_list":{"0":"post-966","1":"product","2":"type-product","3":"status-publish","4":"has-post-thumbnail","6":"product_cat-colar","8":"first","9":"instock","10":"purchasable","11":"product-type-simple"},"jetpack_sharing_enabled":true,"_links":{"self":[{"href":"http:\/\/sergiometais.com.br\/index.php?rest_route=\/wp\/v2\/product\/966","targetHints":{"allow":["GET"]}}],"collection":[{"href":"http:\/\/sergiometais.com.br\/index.php?rest_route=\/wp\/v2\/product"}],"about":[{"href":"http:\/\/sergiometais.com.br\/index.php?rest_route=\/wp\/v2\/types\/product"}],"replies":[{"embeddable":true,"href":"http:\/\/sergiometais.com.br\/index.php?rest_route=%2Fwp%2Fv2%2Fcomments&post=966"}],"wp:featuredmedia":[{"embeddable":true,"href":"http:\/\/sergiometais.com.br\/index.php?rest_route=\/wp\/v2\/media\/1689"}],"wp:attachment":[{"href":"http:\/\/sergiometais.com.br\/index.php?rest_route=%2Fwp%2Fv2%2Fmedia&parent=966"}],"wp:term":[{"taxonomy":"product_brand","embeddable":true,"href":"http:\/\/sergiometais.com.br\/index.php?rest_route=%2Fwp%2Fv2%2Fproduct_brand&post=966"},{"taxonomy":"product_cat","embeddable":true,"href":"http:\/\/sergiometais.com.br\/index.php?rest_route=%2Fwp%2Fv2%2Fproduct_cat&post=966"},{"taxonomy":"product_tag","embeddable":true,"href":"http:\/\/sergiometais.com.br\/index.php?rest_route=%2Fwp%2Fv2%2Fproduct_tag&post=966"}],"curies":[{"name":"wp","href":"https:\/\/api.w.org\/{rel}","templated":true}]}}