{"id":958,"date":"2024-03-08T10:37:30","date_gmt":"2024-03-08T13:37:30","guid":{"rendered":"https:\/\/sergiometais.com.br\/?post_type=product&#038;p=958"},"modified":"2024-08-29T08:38:57","modified_gmt":"2024-08-29T11:38:57","slug":"colar-cordao-veneziana-feminino-pingente-flor-com-strass","status":"publish","type":"product","link":"http:\/\/sergiometais.com.br\/?product=colar-cordao-veneziana-feminino-pingente-flor-com-strass","title":{"rendered":"Colar cord\u00e3o Veneziana Feminino pingente Flor com Strass"},"content":{"rendered":"<p>O nosso delicado pingente de flor \u00e9 uma pe\u00e7a encantadora que certamente ir\u00e1 adicionar um toque de eleg\u00e2ncia e feminilidade ao seu visual.<\/p>\n<p>O design intrigado da flor captura a beleza e a delicadeza da natureza, tornando-a uma escolha perfeita para mulheres que apreciam a simplicidade e a sofistica\u00e7\u00e3o.<\/p>\n<p>O pingente vem com uma corrente delicada, que combina perfeitamente com o design da flor. A corrente \u00e9 ajust\u00e1vel, permitindo que voc\u00ea a use na altura desejada.<\/p>\n<p>Este pingente de flor \u00e9 uma \u00f3tima op\u00e7\u00e3o para presentear algu\u00e9m especial. Seja para um anivers\u00e1rio, Dia das M\u00e3es, Dia dos Namorados ou qualquer outra ocasi\u00e3o especial, este pingente certamente ir\u00e1 encantar e surpreender.<\/p>\n<p>Adquira o nosso delicado pingente de flor e adicione um toque de beleza e sofistica\u00e7\u00e3o ao seu dia a dia. Seja para uso pessoal ou para presentear algu\u00e9m especial, esta pe\u00e7a certamente deixar\u00e1 uma impress\u00e3o duradoura.<\/p>\n","protected":false},"excerpt":{"rendered":"<p>Corrente Veneziana de 1,5 mm.<\/p>\n<p>Colar de 40 cm de altura mais alongadora de 10 cm , totalizando 50 cm.<\/p>\n<p>Pingente altura de 2 cm.<\/p>\n<p>Pingente banhado em Ouro Catafor\u00e9tico.<\/p>\n<p>Peso do colar + pingente\u00a0 17,4 gramas.<\/p>\n","protected":false},"featured_media":1716,"comment_status":"open","ping_status":"closed","template":"","meta":[],"product_brand":[],"product_cat":[18],"product_tag":[],"class_list":{"0":"post-958","1":"product","2":"type-product","3":"status-publish","4":"has-post-thumbnail","6":"product_cat-colar","8":"first","9":"instock","10":"purchasable","11":"product-type-simple"},"jetpack_sharing_enabled":true,"_links":{"self":[{"href":"http:\/\/sergiometais.com.br\/index.php?rest_route=\/wp\/v2\/product\/958","targetHints":{"allow":["GET"]}}],"collection":[{"href":"http:\/\/sergiometais.com.br\/index.php?rest_route=\/wp\/v2\/product"}],"about":[{"href":"http:\/\/sergiometais.com.br\/index.php?rest_route=\/wp\/v2\/types\/product"}],"replies":[{"embeddable":true,"href":"http:\/\/sergiometais.com.br\/index.php?rest_route=%2Fwp%2Fv2%2Fcomments&post=958"}],"wp:featuredmedia":[{"embeddable":true,"href":"http:\/\/sergiometais.com.br\/index.php?rest_route=\/wp\/v2\/media\/1716"}],"wp:attachment":[{"href":"http:\/\/sergiometais.com.br\/index.php?rest_route=%2Fwp%2Fv2%2Fmedia&parent=958"}],"wp:term":[{"taxonomy":"product_brand","embeddable":true,"href":"http:\/\/sergiometais.com.br\/index.php?rest_route=%2Fwp%2Fv2%2Fproduct_brand&post=958"},{"taxonomy":"product_cat","embeddable":true,"href":"http:\/\/sergiometais.com.br\/index.php?rest_route=%2Fwp%2Fv2%2Fproduct_cat&post=958"},{"taxonomy":"product_tag","embeddable":true,"href":"http:\/\/sergiometais.com.br\/index.php?rest_route=%2Fwp%2Fv2%2Fproduct_tag&post=958"}],"curies":[{"name":"wp","href":"https:\/\/api.w.org\/{rel}","templated":true}]}}