{"id":951,"date":"2024-03-08T10:19:39","date_gmt":"2024-03-08T13:19:39","guid":{"rendered":"https:\/\/sergiometais.com.br\/?post_type=product&#038;p=951"},"modified":"2024-08-29T10:24:28","modified_gmt":"2024-08-29T13:24:28","slug":"colar-cordao-veneziana-feminino-pingente-filhos-perolado-copia","status":"publish","type":"product","link":"http:\/\/sergiometais.com.br\/?product=colar-cordao-veneziana-feminino-pingente-filhos-perolado-copia","title":{"rendered":"Colar cord\u00e3o Veneziana Feminino pingente Olho Grego"},"content":{"rendered":"<p>O colar com pingente Olho Grego \u00e9 uma pe\u00e7a elegante e cheia de significado. O pingente em formato de Olho Grego \u00e9 um s\u00edmbolo de prote\u00e7\u00e3o contra o mau-olhado e energias negativas.<\/p>\n<p>Feito em material resistente e dur\u00e1vel, esse colar \u00e9 perfeito para quem busca estilo e prote\u00e7\u00e3o. O pingente possui um design delicado e detalhado, que adiciona um toque de sofistica\u00e7\u00e3o a qualquer look.<\/p>\n<p>O colar com pingente Olho Grego \u00e9 vers\u00e1til e pode ser usado em diversas ocasi\u00f5es. Combine-o com um vestido elegante para um evento especial, ou use-o com uma camiseta b\u00e1sica para um visual mais descontra\u00eddo.<\/p>\n<p>Al\u00e9m de ser uma pe\u00e7a de moda, o colar com pingente Olho Grego tamb\u00e9m carrega um significado espiritual. Acredita-se que o Olho Grego afasta as energias negativas e protege quem o usa.<\/p>\n<p>Adquira agora mesmo o colar com pingente Olho Grego e adicione estilo e prote\u00e7\u00e3o ao seu visual. Seja para presentear algu\u00e9m especial ou para se presentear, essa pe\u00e7a \u00e9 uma escolha perfeita.<\/p>\n","protected":false},"excerpt":{"rendered":"<p>Corrente Veneziana de 3 mm.<\/p>\n<p>Colar de 40 cm de altura mais alongadora de 10 cm , totalizando 50 cm.<\/p>\n<p>Pingente 3,5 cm de diametro.<\/p>\n<p>Pingente banhado em Ouro Catafor\u00e9tico.<\/p>\n<p>Peso do colar + pingente\u00a0 25,5 gramas.<\/p>\n","protected":false},"featured_media":1579,"comment_status":"open","ping_status":"closed","template":"","meta":[],"product_brand":[],"product_cat":[18],"product_tag":[],"class_list":{"0":"post-951","1":"product","2":"type-product","3":"status-publish","4":"has-post-thumbnail","6":"product_cat-colar","8":"first","9":"instock","10":"purchasable","11":"product-type-simple"},"jetpack_sharing_enabled":true,"_links":{"self":[{"href":"http:\/\/sergiometais.com.br\/index.php?rest_route=\/wp\/v2\/product\/951","targetHints":{"allow":["GET"]}}],"collection":[{"href":"http:\/\/sergiometais.com.br\/index.php?rest_route=\/wp\/v2\/product"}],"about":[{"href":"http:\/\/sergiometais.com.br\/index.php?rest_route=\/wp\/v2\/types\/product"}],"replies":[{"embeddable":true,"href":"http:\/\/sergiometais.com.br\/index.php?rest_route=%2Fwp%2Fv2%2Fcomments&post=951"}],"wp:featuredmedia":[{"embeddable":true,"href":"http:\/\/sergiometais.com.br\/index.php?rest_route=\/wp\/v2\/media\/1579"}],"wp:attachment":[{"href":"http:\/\/sergiometais.com.br\/index.php?rest_route=%2Fwp%2Fv2%2Fmedia&parent=951"}],"wp:term":[{"taxonomy":"product_brand","embeddable":true,"href":"http:\/\/sergiometais.com.br\/index.php?rest_route=%2Fwp%2Fv2%2Fproduct_brand&post=951"},{"taxonomy":"product_cat","embeddable":true,"href":"http:\/\/sergiometais.com.br\/index.php?rest_route=%2Fwp%2Fv2%2Fproduct_cat&post=951"},{"taxonomy":"product_tag","embeddable":true,"href":"http:\/\/sergiometais.com.br\/index.php?rest_route=%2Fwp%2Fv2%2Fproduct_tag&post=951"}],"curies":[{"name":"wp","href":"https:\/\/api.w.org\/{rel}","templated":true}]}}