{"id":947,"date":"2024-02-26T14:04:01","date_gmt":"2024-02-26T17:04:01","guid":{"rendered":"https:\/\/sergiometais.com.br\/?post_type=product&#038;p=947"},"modified":"2024-08-29T10:24:41","modified_gmt":"2024-08-29T13:24:41","slug":"colar-cordao-veneziana-feminino-pingente-filhos-perolado","status":"publish","type":"product","link":"http:\/\/sergiometais.com.br\/?product=colar-cordao-veneziana-feminino-pingente-filhos-perolado","title":{"rendered":"Colar cord\u00e3o Veneziana Feminino pingente Filhos Geometricos"},"content":{"rendered":"<p>O colar de filhos \u00e9 uma joia especial e personalizada que representa o amor e a conex\u00e3o entre m\u00e3es e seus filhos. \u00c9 uma pe\u00e7a \u00fanica que permite \u00e0s m\u00e3es manterem seus filhos sempre perto do cora\u00e7\u00e3o.<\/p>\n<p>Feito com materiais de alta qualidade, o colar de filhos \u00e9 cuidadosamente projetado para ser elegante e dur\u00e1vel. Pode ser personalizado de acordo com o n\u00famero de filhos, permitindo que cada m\u00e3e tenha um colar exclusivo que reflita sua fam\u00edlia.<\/p>\n<p>O colar de filhos \u00e9 uma excelente op\u00e7\u00e3o de presente para qualquer ocasi\u00e3o especial, como Dia das M\u00e3es, anivers\u00e1rios, Natal ou simplesmente para mostrar o amor e a gratid\u00e3o por uma m\u00e3e especial em sua vida. \u00c9 uma lembran\u00e7a significativa que ser\u00e1 apreciada por muitos anos.<\/p>\n<p>Al\u00e9m de ser uma joia bonita, o colar de filhos tamb\u00e9m carrega um significado simb\u00f3lico profundo. Representa o v\u00ednculo eterno entre m\u00e3e e filho, mesmo quando est\u00e3o separados fisicamente. \u00c9 um lembrete constante do amor incondicional e do papel vital que as m\u00e3es desempenham em nossas vidas.<\/p>\n<p>Com o colar de filhos, voc\u00ea pode expressar seu amor e apre\u00e7o por sua m\u00e3e de uma maneira \u00fanica e significativa. \u00c9 uma joia que ser\u00e1 valorizada e amada por toda a vida.<\/p>\n","protected":false},"excerpt":{"rendered":"<div class=\"woocommerce-product-details__short-description\">\n<p>Corrente Veneziana de 3 mm.<\/p>\n<p>Colar de 40 cm de altura mais alongadora de 10 cm , totalizando 50 cm.<\/p>\n<p>Pingente 3,3 cm e altura e 3 cm\u00a0 de largura .<\/p>\n<p>Pingente banhado em Ouro Catafor\u00e9tico.<\/p>\n<p>Peso do colar + pingente\u00a0 25,5 gramas.<\/p>\n<\/div>\n","protected":false},"featured_media":1690,"comment_status":"open","ping_status":"closed","template":"","meta":[],"product_brand":[],"product_cat":[18],"product_tag":[],"class_list":{"0":"post-947","1":"product","2":"type-product","3":"status-publish","4":"has-post-thumbnail","6":"product_cat-colar","8":"first","9":"instock","10":"purchasable","11":"product-type-variable"},"jetpack_sharing_enabled":true,"_links":{"self":[{"href":"http:\/\/sergiometais.com.br\/index.php?rest_route=\/wp\/v2\/product\/947","targetHints":{"allow":["GET"]}}],"collection":[{"href":"http:\/\/sergiometais.com.br\/index.php?rest_route=\/wp\/v2\/product"}],"about":[{"href":"http:\/\/sergiometais.com.br\/index.php?rest_route=\/wp\/v2\/types\/product"}],"replies":[{"embeddable":true,"href":"http:\/\/sergiometais.com.br\/index.php?rest_route=%2Fwp%2Fv2%2Fcomments&post=947"}],"wp:featuredmedia":[{"embeddable":true,"href":"http:\/\/sergiometais.com.br\/index.php?rest_route=\/wp\/v2\/media\/1690"}],"wp:attachment":[{"href":"http:\/\/sergiometais.com.br\/index.php?rest_route=%2Fwp%2Fv2%2Fmedia&parent=947"}],"wp:term":[{"taxonomy":"product_brand","embeddable":true,"href":"http:\/\/sergiometais.com.br\/index.php?rest_route=%2Fwp%2Fv2%2Fproduct_brand&post=947"},{"taxonomy":"product_cat","embeddable":true,"href":"http:\/\/sergiometais.com.br\/index.php?rest_route=%2Fwp%2Fv2%2Fproduct_cat&post=947"},{"taxonomy":"product_tag","embeddable":true,"href":"http:\/\/sergiometais.com.br\/index.php?rest_route=%2Fwp%2Fv2%2Fproduct_tag&post=947"}],"curies":[{"name":"wp","href":"https:\/\/api.w.org\/{rel}","templated":true}]}}