{"id":945,"date":"2024-02-26T13:59:31","date_gmt":"2024-02-26T16:59:31","guid":{"rendered":"https:\/\/sergiometais.com.br\/?post_type=product&#038;p=945"},"modified":"2024-08-29T10:24:53","modified_gmt":"2024-08-29T13:24:53","slug":"colar-cordao-veneziana-feminino-pingente-costela-de-adao","status":"publish","type":"product","link":"http:\/\/sergiometais.com.br\/?product=colar-cordao-veneziana-feminino-pingente-costela-de-adao","title":{"rendered":"Colar cord\u00e3o Veneziana Feminino pingente Costela de Ad\u00e3o"},"content":{"rendered":"<p>O Colar Costela de Ad\u00e3o \u00e9 uma pe\u00e7a elegante e sofisticada que ir\u00e1 adicionar um toque de estilo e beleza aos seus looks. Inspirado na exuber\u00e2ncia das folhas da planta Costela de Ad\u00e3o, este colar \u00e9 perfeito para mulheres que apreciam a natureza e desejam expressar sua feminilidade de forma \u00fanica.<\/p>\n<p>Feito com materiais de alta qualidade, o colar apresenta um pingente delicado em forma de folha, que \u00e9 meticulosamente trabalhado para capturar todos os detalhes e texturas da folhagem. O pingente \u00e9 suspenso em uma corrente fina e elegante, que se ajusta perfeitamente ao pesco\u00e7o.<\/p>\n<p>O Colar Costela de Ad\u00e3o \u00e9 vers\u00e1til e pode ser usado em diversas ocasi\u00f5es, desde eventos formais at\u00e9 encontros casuais. Combine-o com um vestido de noite para um visual sofisticado ou use-o com uma blusa simples para adicionar um toque de eleg\u00e2ncia ao seu visual di\u00e1rio.<\/p>\n<p>Al\u00e9m de sua beleza est\u00e9tica, o Colar Costela de Ad\u00e3o tamb\u00e9m possui um significado simb\u00f3lico. A planta Costela de Ad\u00e3o \u00e9 conhecida por representar a prosperidade, a sorte e a renova\u00e7\u00e3o. Ao usar esse colar, voc\u00ea estar\u00e1 trazendo essas energias positivas para a sua vida.<\/p>\n<p>Se voc\u00ea est\u00e1 procurando por um colar que seja elegante, \u00fanico e cheio de significado, o Colar Costela de Ad\u00e3o \u00e9 a escolha perfeita. Adquira o seu hoje mesmo e desfrute da beleza e do encanto dessa pe\u00e7a extraordin\u00e1ria.<\/p>\n","protected":false},"excerpt":{"rendered":"<div class=\"woocommerce-product-details__short-description\">\n<div class=\"woocommerce-product-details__short-description\">\n<p>Corrente Veneziana de 2 mm.<\/p>\n<p>Colar de 40 cm de altura mais alongadora de 10 cm , totalizando 50 cm.<\/p>\n<p>Pingente 5,2 cm e altura e 4,2 cm\u00a0 de largura .<\/p>\n<p>Pingente banhado em Ouro Catafor\u00e9tico.<\/p>\n<p>Peso do colar + pingente\u00a0 18,7 gramas.<\/p>\n<\/div>\n<\/div>\n","protected":false},"featured_media":1580,"comment_status":"open","ping_status":"closed","template":"","meta":[],"product_brand":[],"product_cat":[18],"product_tag":[],"class_list":{"0":"post-945","1":"product","2":"type-product","3":"status-publish","4":"has-post-thumbnail","6":"product_cat-colar","8":"first","9":"instock","10":"purchasable","11":"product-type-simple"},"jetpack_sharing_enabled":true,"_links":{"self":[{"href":"http:\/\/sergiometais.com.br\/index.php?rest_route=\/wp\/v2\/product\/945","targetHints":{"allow":["GET"]}}],"collection":[{"href":"http:\/\/sergiometais.com.br\/index.php?rest_route=\/wp\/v2\/product"}],"about":[{"href":"http:\/\/sergiometais.com.br\/index.php?rest_route=\/wp\/v2\/types\/product"}],"replies":[{"embeddable":true,"href":"http:\/\/sergiometais.com.br\/index.php?rest_route=%2Fwp%2Fv2%2Fcomments&post=945"}],"wp:featuredmedia":[{"embeddable":true,"href":"http:\/\/sergiometais.com.br\/index.php?rest_route=\/wp\/v2\/media\/1580"}],"wp:attachment":[{"href":"http:\/\/sergiometais.com.br\/index.php?rest_route=%2Fwp%2Fv2%2Fmedia&parent=945"}],"wp:term":[{"taxonomy":"product_brand","embeddable":true,"href":"http:\/\/sergiometais.com.br\/index.php?rest_route=%2Fwp%2Fv2%2Fproduct_brand&post=945"},{"taxonomy":"product_cat","embeddable":true,"href":"http:\/\/sergiometais.com.br\/index.php?rest_route=%2Fwp%2Fv2%2Fproduct_cat&post=945"},{"taxonomy":"product_tag","embeddable":true,"href":"http:\/\/sergiometais.com.br\/index.php?rest_route=%2Fwp%2Fv2%2Fproduct_tag&post=945"}],"curies":[{"name":"wp","href":"https:\/\/api.w.org\/{rel}","templated":true}]}}