{"id":943,"date":"2024-02-26T13:39:49","date_gmt":"2024-02-26T16:39:49","guid":{"rendered":"https:\/\/sergiometais.com.br\/?post_type=product&#038;p=943"},"modified":"2024-08-08T07:18:50","modified_gmt":"2024-08-08T10:18:50","slug":"colar-cordao-veneziana-feminino-pingente-pai-nosso-pequeno","status":"publish","type":"product","link":"http:\/\/sergiometais.com.br\/?product=colar-cordao-veneziana-feminino-pingente-pai-nosso-pequeno","title":{"rendered":"Colar cord\u00e3o Veneziana Feminino pingente Pai Nosso Pequeno"},"content":{"rendered":"<p>Apresentamos o colar pingente Pai Nosso, uma pe\u00e7a de joalheria elegante e significativa que ir\u00e1 encantar voc\u00ea com sua beleza e simbolismo.<\/p>\n<p>O colar \u00e9 feito em material de alta qualidade, garantindo durabilidade e resist\u00eancia. O pingente possui um design delicado e sofisticado, com a inscri\u00e7\u00e3o do trecho do Pai Nosso, uma das ora\u00e7\u00f5es mais conhecidas e recitadas no mundo todo.<\/p>\n<p>Al\u00e9m do seu valor est\u00e9tico, o colar pingente Pai Nosso tamb\u00e9m carrega um significado espiritual profundo. O Pai Nosso \u00e9 uma ora\u00e7\u00e3o que representa a conex\u00e3o com o divino, a busca pela paz interior e a prote\u00e7\u00e3o divina.<\/p>\n<p>Este colar \u00e9 perfeito para uso di\u00e1rio ou para ocasi\u00f5es especiais. Seu design vers\u00e1til permite que ele seja combinado com diversos estilos de roupas, desde looks casuais at\u00e9 os mais elegantes.<\/p>\n<p>Se voc\u00ea est\u00e1 procurando por uma pe\u00e7a de joalheria que seja ao mesmo tempo bonita e com um significado especial, o colar pingente Pai Nosso \u00e9 a escolha perfeita. Adquira o seu hoje mesmo e desfrute da sua beleza e espiritualidade.<\/p>\n","protected":false},"excerpt":{"rendered":"<div class=\"woocommerce-product-details__short-description\">\n<div class=\"woocommerce-product-details__short-description\">\n<div class=\"woocommerce-product-details__short-description\">\n<p>Corrente Veneziana de 3\u00a0 mm.<\/p>\n<p>Colar de 40 cm de altura mais alongadora de 10 cm , totalizando 50 cm.<\/p>\n<p>Pingente 3,4 cm\u00a0 de di\u00e2metro.<\/p>\n<p>Pingente banhado em Ouro Catafor\u00e9tico.<\/p>\n<p>Peso do colar + pingente\u00a0 21,2 gramas.<\/p>\n<\/div>\n<\/div>\n<\/div>\n","protected":false},"featured_media":1535,"comment_status":"open","ping_status":"closed","template":"","meta":[],"product_brand":[],"product_cat":[18],"product_tag":[],"class_list":{"0":"post-943","1":"product","2":"type-product","3":"status-publish","4":"has-post-thumbnail","6":"product_cat-colar","8":"first","9":"instock","10":"purchasable","11":"product-type-simple"},"jetpack_sharing_enabled":true,"_links":{"self":[{"href":"http:\/\/sergiometais.com.br\/index.php?rest_route=\/wp\/v2\/product\/943","targetHints":{"allow":["GET"]}}],"collection":[{"href":"http:\/\/sergiometais.com.br\/index.php?rest_route=\/wp\/v2\/product"}],"about":[{"href":"http:\/\/sergiometais.com.br\/index.php?rest_route=\/wp\/v2\/types\/product"}],"replies":[{"embeddable":true,"href":"http:\/\/sergiometais.com.br\/index.php?rest_route=%2Fwp%2Fv2%2Fcomments&post=943"}],"wp:featuredmedia":[{"embeddable":true,"href":"http:\/\/sergiometais.com.br\/index.php?rest_route=\/wp\/v2\/media\/1535"}],"wp:attachment":[{"href":"http:\/\/sergiometais.com.br\/index.php?rest_route=%2Fwp%2Fv2%2Fmedia&parent=943"}],"wp:term":[{"taxonomy":"product_brand","embeddable":true,"href":"http:\/\/sergiometais.com.br\/index.php?rest_route=%2Fwp%2Fv2%2Fproduct_brand&post=943"},{"taxonomy":"product_cat","embeddable":true,"href":"http:\/\/sergiometais.com.br\/index.php?rest_route=%2Fwp%2Fv2%2Fproduct_cat&post=943"},{"taxonomy":"product_tag","embeddable":true,"href":"http:\/\/sergiometais.com.br\/index.php?rest_route=%2Fwp%2Fv2%2Fproduct_tag&post=943"}],"curies":[{"name":"wp","href":"https:\/\/api.w.org\/{rel}","templated":true}]}}