{"id":935,"date":"2024-02-26T13:36:41","date_gmt":"2024-02-26T16:36:41","guid":{"rendered":"https:\/\/sergiometais.com.br\/?post_type=product&#038;p=935"},"modified":"2024-08-08T07:23:34","modified_gmt":"2024-08-08T10:23:34","slug":"colar-cordao-veneziana-feminino-pingente-pai-nosso-grande","status":"publish","type":"product","link":"http:\/\/sergiometais.com.br\/?product=colar-cordao-veneziana-feminino-pingente-pai-nosso-grande","title":{"rendered":"Colar cord\u00e3o Veneziana Feminino pingente Pai Nosso Grande"},"content":{"rendered":"<p>O Colar Ora\u00e7\u00e3o Pai Nosso \u00e9 uma pe\u00e7a religiosa que representa a ora\u00e7\u00e3o mais conhecida pelos crist\u00e3os, o Pai Nosso. Este colar \u00e9 uma maneira de expressar a f\u00e9 e de se conectar com a espiritualidade.<\/p>\n<p>O colar \u00e9 feito com materiais de alta qualidade,\u00a0 possui um pingente com a inscri\u00e7\u00e3o da ora\u00e7\u00e3o Pai Nosso. O design do colar \u00e9 elegante e discreto, permitindo que seja usado no dia a dia ou em ocasi\u00f5es especiais.<\/p>\n<p>Al\u00e9m de ser uma pe\u00e7a de joalheria, o Colar Ora\u00e7\u00e3o Pai Nosso tamb\u00e9m tem um significado simb\u00f3lico. A ora\u00e7\u00e3o Pai Nosso \u00e9 uma das mais importantes do cristianismo, ensinada por Jesus aos seus disc\u00edpulos. Ela expressa a rela\u00e7\u00e3o filial com Deus e a busca pelo seu reino e vontade.<\/p>\n<p>O Colar Ora\u00e7\u00e3o Pai Nosso \u00e9 um presente perfeito para pessoas religiosas e para ocasi\u00f5es especiais, como batizados, primeiras comunh\u00f5es ou presentes de anivers\u00e1rio. \u00c9 uma forma de demonstrar amor e de lembrar a import\u00e2ncia da f\u00e9 na vida de quem o recebe.<\/p>\n<p>Adquira agora o Colar Ora\u00e7\u00e3o Pai Nosso e tenha sempre consigo a lembran\u00e7a da ora\u00e7\u00e3o mais poderosa do cristianismo.<\/p>\n","protected":false},"excerpt":{"rendered":"<div class=\"woocommerce-product-details__short-description\">\n<div class=\"woocommerce-product-details__short-description\">\n<div class=\"woocommerce-product-details__short-description\">\n<div class=\"woocommerce-product-details__short-description\">\n<p>Corrente Veneziana de 3\u00a0 mm.<\/p>\n<p>Colar de 40 cm de altura mais alongadora de 10 cm , totalizando 50 cm.<\/p>\n<p>Pingente 4,6 cm\u00a0 de di\u00e2metro.<\/p>\n<p>Pingente banhado em Ouro Catafor\u00e9tico.<\/p>\n<p>Peso do colar + pingente\u00a0 27 gramas.<\/p>\n<\/div>\n<\/div>\n<\/div>\n<\/div>\n","protected":false},"featured_media":1691,"comment_status":"open","ping_status":"closed","template":"","meta":[],"product_brand":[],"product_cat":[18],"product_tag":[],"class_list":{"0":"post-935","1":"product","2":"type-product","3":"status-publish","4":"has-post-thumbnail","6":"product_cat-colar","8":"first","9":"instock","10":"purchasable","11":"product-type-simple"},"jetpack_sharing_enabled":true,"_links":{"self":[{"href":"http:\/\/sergiometais.com.br\/index.php?rest_route=\/wp\/v2\/product\/935","targetHints":{"allow":["GET"]}}],"collection":[{"href":"http:\/\/sergiometais.com.br\/index.php?rest_route=\/wp\/v2\/product"}],"about":[{"href":"http:\/\/sergiometais.com.br\/index.php?rest_route=\/wp\/v2\/types\/product"}],"replies":[{"embeddable":true,"href":"http:\/\/sergiometais.com.br\/index.php?rest_route=%2Fwp%2Fv2%2Fcomments&post=935"}],"wp:featuredmedia":[{"embeddable":true,"href":"http:\/\/sergiometais.com.br\/index.php?rest_route=\/wp\/v2\/media\/1691"}],"wp:attachment":[{"href":"http:\/\/sergiometais.com.br\/index.php?rest_route=%2Fwp%2Fv2%2Fmedia&parent=935"}],"wp:term":[{"taxonomy":"product_brand","embeddable":true,"href":"http:\/\/sergiometais.com.br\/index.php?rest_route=%2Fwp%2Fv2%2Fproduct_brand&post=935"},{"taxonomy":"product_cat","embeddable":true,"href":"http:\/\/sergiometais.com.br\/index.php?rest_route=%2Fwp%2Fv2%2Fproduct_cat&post=935"},{"taxonomy":"product_tag","embeddable":true,"href":"http:\/\/sergiometais.com.br\/index.php?rest_route=%2Fwp%2Fv2%2Fproduct_tag&post=935"}],"curies":[{"name":"wp","href":"https:\/\/api.w.org\/{rel}","templated":true}]}}