{"id":925,"date":"2024-02-26T13:26:08","date_gmt":"2024-02-26T16:26:08","guid":{"rendered":"https:\/\/sergiometais.com.br\/?post_type=product&#038;p=925"},"modified":"2024-08-08T09:33:53","modified_gmt":"2024-08-08T12:33:53","slug":"colar-cordao-veneziana-feminino-pingente-nossa-senhora","status":"publish","type":"product","link":"http:\/\/sergiometais.com.br\/?product=colar-cordao-veneziana-feminino-pingente-nossa-senhora","title":{"rendered":"Colar cord\u00e3o Veneziana Feminino pingente Nossa Senhora"},"content":{"rendered":"<h2>Colar com Pingente Nossa Senhora<\/h2>\n<p>Apresentamos o elegante colar com pingente de Nossa Senhora, uma pe\u00e7a de joalheria que combina beleza e devo\u00e7\u00e3o. Este colar \u00e9 perfeito para quem deseja expressar sua f\u00e9 e devo\u00e7\u00e3o de uma maneira discreta e sofisticada.<\/p>\n<p>O pingente de Nossa Senhora \u00e9 feito de material de alta qualidade e possui um design delicado e detalhado. A imagem da Nossa Senhora \u00e9 cuidadosamente esculpida, transmitindo uma sensa\u00e7\u00e3o de serenidade e prote\u00e7\u00e3o.<\/p>\n<p>O colar em si \u00e9 feito de uma corrente resistente e dur\u00e1vel, garantindo que voc\u00ea possa usar essa pe\u00e7a especial por muitos anos. Al\u00e9m disso, o fecho seguro garante que o colar fique no lugar, mesmo durante atividades di\u00e1rias.<\/p>\n<p>Este colar com pingente de Nossa Senhora \u00e9 uma \u00f3tima op\u00e7\u00e3o de presente para pessoas religiosas ou para quem busca uma joia significativa e atemporal. \u00c9 perfeito para ocasi\u00f5es especiais, como batizados, primeiras comunh\u00f5es, confirma\u00e7\u00f5es ou simplesmente para uso di\u00e1rio como um lembrete constante de sua f\u00e9.<\/p>\n<p>Adquira agora mesmo o colar com pingente de Nossa Senhora e tenha uma pe\u00e7a \u00fanica e especial que ir\u00e1 acompanh\u00e1-lo(a) em sua jornada de f\u00e9.<\/p>\n","protected":false},"excerpt":{"rendered":"<p>Corrente Veneziana de 3 mm.<\/p>\n<p>Colar de 40 cm de altura mais alongadora de 10 cm , totalizando 50 cm.<\/p>\n<p>Pingente<\/p>\n<p>Pingente banhado em Ouro Catafor\u00e9tico.<\/p>\n<p>Peso do colar + pingente<\/p>\n","protected":false},"featured_media":1715,"comment_status":"open","ping_status":"closed","template":"","meta":[],"product_brand":[],"product_cat":[18],"product_tag":[],"class_list":{"0":"post-925","1":"product","2":"type-product","3":"status-publish","4":"has-post-thumbnail","6":"product_cat-colar","8":"first","9":"instock","10":"purchasable","11":"product-type-variable"},"jetpack_sharing_enabled":true,"_links":{"self":[{"href":"http:\/\/sergiometais.com.br\/index.php?rest_route=\/wp\/v2\/product\/925","targetHints":{"allow":["GET"]}}],"collection":[{"href":"http:\/\/sergiometais.com.br\/index.php?rest_route=\/wp\/v2\/product"}],"about":[{"href":"http:\/\/sergiometais.com.br\/index.php?rest_route=\/wp\/v2\/types\/product"}],"replies":[{"embeddable":true,"href":"http:\/\/sergiometais.com.br\/index.php?rest_route=%2Fwp%2Fv2%2Fcomments&post=925"}],"wp:featuredmedia":[{"embeddable":true,"href":"http:\/\/sergiometais.com.br\/index.php?rest_route=\/wp\/v2\/media\/1715"}],"wp:attachment":[{"href":"http:\/\/sergiometais.com.br\/index.php?rest_route=%2Fwp%2Fv2%2Fmedia&parent=925"}],"wp:term":[{"taxonomy":"product_brand","embeddable":true,"href":"http:\/\/sergiometais.com.br\/index.php?rest_route=%2Fwp%2Fv2%2Fproduct_brand&post=925"},{"taxonomy":"product_cat","embeddable":true,"href":"http:\/\/sergiometais.com.br\/index.php?rest_route=%2Fwp%2Fv2%2Fproduct_cat&post=925"},{"taxonomy":"product_tag","embeddable":true,"href":"http:\/\/sergiometais.com.br\/index.php?rest_route=%2Fwp%2Fv2%2Fproduct_tag&post=925"}],"curies":[{"name":"wp","href":"https:\/\/api.w.org\/{rel}","templated":true}]}}