{"id":921,"date":"2024-02-26T08:53:12","date_gmt":"2024-02-26T11:53:12","guid":{"rendered":"https:\/\/sergiometais.com.br\/?post_type=product&#038;p=921"},"modified":"2024-08-08T07:54:52","modified_gmt":"2024-08-08T10:54:52","slug":"colar-cordao-veneziana-feminino-pingente-medalhao-de-leao","status":"publish","type":"product","link":"http:\/\/sergiometais.com.br\/?product=colar-cordao-veneziana-feminino-pingente-medalhao-de-leao","title":{"rendered":"Colar cord\u00e3o Veneziana Feminino pingente Medalh\u00e3o de Le\u00e3o"},"content":{"rendered":"<h2>Colar Medalha de Le\u00e3o<\/h2>\n<p>O colar medalha de le\u00e3o \u00e9 uma pe\u00e7a elegante e sofisticada que adiciona um toque de estilo e personalidade a qualquer look. Com um design \u00fanico e detalhado, esse colar \u00e9 perfeito para quem busca se destacar e transmitir uma imagem de for\u00e7a e coragem.<\/p>\n<p>A medalha de le\u00e3o, s\u00edmbolo de poder e lideran\u00e7a, \u00e9 cuidadosamente trabalhada em metal de alta qualidade, garantindo durabilidade e resist\u00eancia. O colar \u00e9 ajust\u00e1vel e possui um fecho seguro, proporcionando conforto e facilidade de uso.<\/p>\n<p>Al\u00e9m de seu design impressionante, o colar medalha de le\u00e3o tamb\u00e9m pode ser um presente significativo para algu\u00e9m especial. Seja para comemorar uma conquista, transmitir apoio ou simplesmente mostrar apre\u00e7o, esse colar \u00e9 uma escolha perfeita.<\/p>\n<p>Combine o colar medalha de le\u00e3o com outros acess\u00f3rios ou use-o como pe\u00e7a principal para criar um visual marcante. Seja para uma ocasi\u00e3o especial ou para o dia a dia, esse colar certamente ser\u00e1 um destaque em qualquer look.<\/p>\n<p>Invista em estilo e eleg\u00e2ncia com o colar medalha de le\u00e3o. Adquira o seu hoje mesmo e desfrute de uma pe\u00e7a \u00fanica e exclusiva que ir\u00e1 adicionar um toque especial ao seu visual.<\/p>\n","protected":false},"excerpt":{"rendered":"<p>Corrente Veneziana de 3 mm.<\/p>\n<p>Colar de 40 cm de altura mais alongadora de 10 cm , totalizando 50 cm.<\/p>\n<p>Pingente<\/p>\n<p>Pingente banhado em Ouro Catafor\u00e9tico.<\/p>\n<p>Peso do colar + pingente<\/p>\n","protected":false},"featured_media":1567,"comment_status":"open","ping_status":"closed","template":"","meta":[],"product_brand":[],"product_cat":[18],"product_tag":[],"class_list":{"0":"post-921","1":"product","2":"type-product","3":"status-publish","4":"has-post-thumbnail","6":"product_cat-colar","8":"first","9":"instock","10":"purchasable","11":"product-type-simple"},"jetpack_sharing_enabled":true,"_links":{"self":[{"href":"http:\/\/sergiometais.com.br\/index.php?rest_route=\/wp\/v2\/product\/921","targetHints":{"allow":["GET"]}}],"collection":[{"href":"http:\/\/sergiometais.com.br\/index.php?rest_route=\/wp\/v2\/product"}],"about":[{"href":"http:\/\/sergiometais.com.br\/index.php?rest_route=\/wp\/v2\/types\/product"}],"replies":[{"embeddable":true,"href":"http:\/\/sergiometais.com.br\/index.php?rest_route=%2Fwp%2Fv2%2Fcomments&post=921"}],"wp:featuredmedia":[{"embeddable":true,"href":"http:\/\/sergiometais.com.br\/index.php?rest_route=\/wp\/v2\/media\/1567"}],"wp:attachment":[{"href":"http:\/\/sergiometais.com.br\/index.php?rest_route=%2Fwp%2Fv2%2Fmedia&parent=921"}],"wp:term":[{"taxonomy":"product_brand","embeddable":true,"href":"http:\/\/sergiometais.com.br\/index.php?rest_route=%2Fwp%2Fv2%2Fproduct_brand&post=921"},{"taxonomy":"product_cat","embeddable":true,"href":"http:\/\/sergiometais.com.br\/index.php?rest_route=%2Fwp%2Fv2%2Fproduct_cat&post=921"},{"taxonomy":"product_tag","embeddable":true,"href":"http:\/\/sergiometais.com.br\/index.php?rest_route=%2Fwp%2Fv2%2Fproduct_tag&post=921"}],"curies":[{"name":"wp","href":"https:\/\/api.w.org\/{rel}","templated":true}]}}