{"id":914,"date":"2024-02-26T08:44:27","date_gmt":"2024-02-26T11:44:27","guid":{"rendered":"https:\/\/sergiometais.com.br\/?post_type=product&#038;p=914"},"modified":"2024-08-08T08:03:16","modified_gmt":"2024-08-08T11:03:16","slug":"colar-cordao-veneziana-feminino-pingente-folha-vazada","status":"publish","type":"product","link":"http:\/\/sergiometais.com.br\/?product=colar-cordao-veneziana-feminino-pingente-folha-vazada","title":{"rendered":"Colar cord\u00e3o Veneziana Feminino pingente Folha Vazada"},"content":{"rendered":"<h2>Colar com Pingente de Folha Vazada<\/h2>\n<p>Apresentamos o elegante e sofisticado colar com pingente de folha vazada, uma pe\u00e7a \u00fanica que ir\u00e1 adicionar um toque de charme e delicadeza ao seu visual. Feito com materiais de alta qualidade, este colar \u00e9 perfeito para quem busca um acess\u00f3rio vers\u00e1til e elegante.<\/p>\n<h2>Design Exclusivo<\/h2>\n<p>O pingente em formato de folha vazada \u00e9 o destaque deste colar. Sua forma delicada e detalhes minuciosos conferem um aspecto \u00fanico e encantador \u00e0 pe\u00e7a. Al\u00e9m disso, a folha vazada permite que a luz passe atrav\u00e9s do pingente, criando um efeito brilhante e sutilmente feminino.<\/p>\n<h2>Qualidade e Durabilidade<\/h2>\n<p>Este colar \u00e9 produzido com materiais de alta qualidade, garantindo durabilidade e resist\u00eancia. O pingente \u00e9 feito em metal banhado a ouro Catafor\u00e9tico, proporcionando um acabamento elegante e duradouro. A corrente tamb\u00e9m \u00e9 resistente e confort\u00e1vel de usar, adaptando-se perfeitamente ao pesco\u00e7o.<\/p>\n<p>Seja para usar no dia a dia ou em ocasi\u00f5es especiais, o colar com pingente de folha vazada \u00e9 uma escolha perfeita. Adicione um toque de estilo e sofistica\u00e7\u00e3o ao seu visual com esta pe\u00e7a \u00fanica e encantadora. N\u00e3o perca a oportunidade de ter um acess\u00f3rio que ir\u00e1 complementar qualquer look com eleg\u00e2ncia e charme.<\/p>\n","protected":false},"excerpt":{"rendered":"<div class=\"woocommerce-product-details__short-description\">\n<div class=\"woocommerce-product-details__short-description\">\n<div class=\"woocommerce-product-details__short-description\">\n<p>Corrente Veneziana de 3 mm.<\/p>\n<p>Colar de 40 cm de altura mais alongadora de 10 cm , totalizando 50 cm.<\/p>\n<p>Pingente<\/p>\n<p>Pingente banhado em Ouro Catafor\u00e9tico.<\/p>\n<p>Peso do colar + pingente<\/p>\n<\/div>\n<\/div>\n<\/div>\n","protected":false},"featured_media":1694,"comment_status":"open","ping_status":"closed","template":"","meta":[],"product_brand":[],"product_cat":[18],"product_tag":[],"class_list":{"0":"post-914","1":"product","2":"type-product","3":"status-publish","4":"has-post-thumbnail","6":"product_cat-colar","8":"first","9":"instock","10":"purchasable","11":"product-type-variable"},"jetpack_sharing_enabled":true,"_links":{"self":[{"href":"http:\/\/sergiometais.com.br\/index.php?rest_route=\/wp\/v2\/product\/914","targetHints":{"allow":["GET"]}}],"collection":[{"href":"http:\/\/sergiometais.com.br\/index.php?rest_route=\/wp\/v2\/product"}],"about":[{"href":"http:\/\/sergiometais.com.br\/index.php?rest_route=\/wp\/v2\/types\/product"}],"replies":[{"embeddable":true,"href":"http:\/\/sergiometais.com.br\/index.php?rest_route=%2Fwp%2Fv2%2Fcomments&post=914"}],"wp:featuredmedia":[{"embeddable":true,"href":"http:\/\/sergiometais.com.br\/index.php?rest_route=\/wp\/v2\/media\/1694"}],"wp:attachment":[{"href":"http:\/\/sergiometais.com.br\/index.php?rest_route=%2Fwp%2Fv2%2Fmedia&parent=914"}],"wp:term":[{"taxonomy":"product_brand","embeddable":true,"href":"http:\/\/sergiometais.com.br\/index.php?rest_route=%2Fwp%2Fv2%2Fproduct_brand&post=914"},{"taxonomy":"product_cat","embeddable":true,"href":"http:\/\/sergiometais.com.br\/index.php?rest_route=%2Fwp%2Fv2%2Fproduct_cat&post=914"},{"taxonomy":"product_tag","embeddable":true,"href":"http:\/\/sergiometais.com.br\/index.php?rest_route=%2Fwp%2Fv2%2Fproduct_tag&post=914"}],"curies":[{"name":"wp","href":"https:\/\/api.w.org\/{rel}","templated":true}]}}