{"id":909,"date":"2024-02-23T16:30:31","date_gmt":"2024-02-23T19:30:31","guid":{"rendered":"https:\/\/sergiometais.com.br\/?post_type=product&#038;p=909"},"modified":"2024-08-08T09:29:44","modified_gmt":"2024-08-08T12:29:44","slug":"brinco-com-pedra","status":"publish","type":"product","link":"http:\/\/sergiometais.com.br\/?product=brinco-com-pedra","title":{"rendered":"Brinco com pedra de Strass"},"content":{"rendered":"<p>Apresentamos o Brinco de Strass, uma pe\u00e7a que combina eleg\u00e2ncia e sofistica\u00e7\u00e3o em um design \u00fanico. Perfeito para adicionar um toque de glamour a qualquer visual, este brinco \u00e9 ideal para ocasi\u00f5es especiais ou para quem busca um acess\u00f3rio que se destaque.<\/p>\n<p>Para quem deseja obter o brilho e a apar\u00eancia de um diamante, sem o custo elevado. Com seu corte preciso e lapida\u00e7\u00e3o impec\u00e1vel, a zirc\u00f4nia proporciona um brilho intenso e duradouro, capaz de atrair olhares e despertar admira\u00e7\u00e3o.<\/p>\n<p>O brinco\u00a0 possui um acabamento refinado, com detalhes delicados que real\u00e7am a beleza da pedra. Seu design vers\u00e1til permite que seja usado tanto em eventos formais como em ocasi\u00f5es mais descontra\u00eddas, adicionando um toque de sofistica\u00e7\u00e3o a qualquer look.<\/p>\n<p>Produzido com materiais de alta qualidade e cuidadosamente selecionados, este brinco \u00e9 resistente e dur\u00e1vel, garantindo que voc\u00ea possa desfrutar de sua beleza por muito tempo. Al\u00e9m disso, seu fecho seguro proporciona conforto e praticidade no uso di\u00e1rio.<\/p>\n<p>Dispon\u00edvel em diferentes cores\u00a0 Seja para presentear algu\u00e9m especial ou para complementar sua pr\u00f3pria cole\u00e7\u00e3o de joias, este brinco \u00e9 uma escolha certeira.<\/p>\n<p>Adquira agora mesmo o Brinco de Strass e desfrute de todo o glamour e eleg\u00e2ncia que ele proporciona. Surpreenda-se com a qualidade e o brilho dessa pedra que encanta a todos.<\/p>\n","protected":false},"excerpt":{"rendered":"<p>Brinco com pedra de Strass.<\/p>\n<p>Di\u00e2metro 3,0 altura X 2,5 altura .<\/p>\n<p>10,10 gramas.<\/p>\n<p>Banhado a Ouro Catafor\u00e9tico.<\/p>\n","protected":false},"featured_media":1606,"comment_status":"open","ping_status":"closed","template":"","meta":[],"product_brand":[],"product_cat":[25],"product_tag":[26],"class_list":{"0":"post-909","1":"product","2":"type-product","3":"status-publish","4":"has-post-thumbnail","6":"product_cat-brinco","7":"product_tag-brinco_bujuteria","9":"first","10":"instock","11":"purchasable","12":"product-type-simple"},"jetpack_sharing_enabled":true,"_links":{"self":[{"href":"http:\/\/sergiometais.com.br\/index.php?rest_route=\/wp\/v2\/product\/909","targetHints":{"allow":["GET"]}}],"collection":[{"href":"http:\/\/sergiometais.com.br\/index.php?rest_route=\/wp\/v2\/product"}],"about":[{"href":"http:\/\/sergiometais.com.br\/index.php?rest_route=\/wp\/v2\/types\/product"}],"replies":[{"embeddable":true,"href":"http:\/\/sergiometais.com.br\/index.php?rest_route=%2Fwp%2Fv2%2Fcomments&post=909"}],"wp:featuredmedia":[{"embeddable":true,"href":"http:\/\/sergiometais.com.br\/index.php?rest_route=\/wp\/v2\/media\/1606"}],"wp:attachment":[{"href":"http:\/\/sergiometais.com.br\/index.php?rest_route=%2Fwp%2Fv2%2Fmedia&parent=909"}],"wp:term":[{"taxonomy":"product_brand","embeddable":true,"href":"http:\/\/sergiometais.com.br\/index.php?rest_route=%2Fwp%2Fv2%2Fproduct_brand&post=909"},{"taxonomy":"product_cat","embeddable":true,"href":"http:\/\/sergiometais.com.br\/index.php?rest_route=%2Fwp%2Fv2%2Fproduct_cat&post=909"},{"taxonomy":"product_tag","embeddable":true,"href":"http:\/\/sergiometais.com.br\/index.php?rest_route=%2Fwp%2Fv2%2Fproduct_tag&post=909"}],"curies":[{"name":"wp","href":"https:\/\/api.w.org\/{rel}","templated":true}]}}