{"id":833,"date":"2024-02-23T14:39:57","date_gmt":"2024-02-23T17:39:57","guid":{"rendered":"https:\/\/sergiometais.com.br\/?post_type=product&#038;p=833"},"modified":"2024-08-08T08:55:49","modified_gmt":"2024-08-08T11:55:49","slug":"colar-cordao-veneziana-feminino-pingente-coracao-de-pedra","status":"publish","type":"product","link":"http:\/\/sergiometais.com.br\/?product=colar-cordao-veneziana-feminino-pingente-coracao-de-pedra","title":{"rendered":"Colar cord\u00e3o Veneziana Feminino pingente Cora\u00e7\u00e3o de Pedra"},"content":{"rendered":"<p>O Colar Pingente Cora\u00e7\u00e3o de Pedra \u00e9 uma pe\u00e7a de joia elegante e sofisticada, perfeita para quem busca um acess\u00f3rio de destaque para complementar seus looks.<\/p>\n<p>O pingente em formato de cora\u00e7\u00e3o \u00e9 feito de pedra , o que confere um toque especial e \u00fanico a essa pe\u00e7a. A pedra escolhida \u00e9 de alta qualidade, garantindo durabilidade e brilho intenso.<\/p>\n<p>O design minimalista do colar permite que ele seja usado tanto no dia a dia quanto em ocasi\u00f5es especiais. Seu tamanho \u00e9 ideal para ser usado sozinho ou em combina\u00e7\u00e3o com outros colares, permitindo criar looks personalizados e cheios de estilo.<\/p>\n<p>O colar \u00e9 feito com materiais de alta qualidade, como o a\u00e7o inoxid\u00e1vel, que garante resist\u00eancia e durabilidade. Al\u00e9m disso, o fecho \u00e9 seguro e f\u00e1cil de usar, proporcionando praticidade no momento de colocar e tirar o colar.<\/p>\n<p>Com o Colar Pingente Cora\u00e7\u00e3o de Pedra, voc\u00ea ter\u00e1 um acess\u00f3rio vers\u00e1til, que combina com diferentes estilos e que pode ser usado em diversas ocasi\u00f5es. Seja para presentear algu\u00e9m especial ou para se presentear, esse colar \u00e9 uma op\u00e7\u00e3o encantadora e cheia de significado.<\/p>\n<p>Adquira agora mesmo o Colar Pingente Cora\u00e7\u00e3o de Pedra e adicione um toque de eleg\u00e2ncia e sofistica\u00e7\u00e3o aos seus looks!<\/p>\n","protected":false},"excerpt":{"rendered":"<p>Corrente Veneziana de 3 mm.<\/p>\n<p>Colar de 40 cm de altura mais alongadora de 10 cm , totalizando 50 cm.<\/p>\n<p>Pingente 3,0 cm\u00a0 de largura e 3,0 de altura.<\/p>\n<p>Pingente banhado em Ouro Catafor\u00e9tico.<\/p>\n<p>Peso do colar + pingente 20 gramas.<\/p>\n","protected":false},"featured_media":1709,"comment_status":"open","ping_status":"closed","template":"","meta":[],"product_brand":[],"product_cat":[18],"product_tag":[],"class_list":{"0":"post-833","1":"product","2":"type-product","3":"status-publish","4":"has-post-thumbnail","6":"product_cat-colar","8":"first","9":"instock","10":"purchasable","11":"product-type-variable"},"jetpack_sharing_enabled":true,"_links":{"self":[{"href":"http:\/\/sergiometais.com.br\/index.php?rest_route=\/wp\/v2\/product\/833","targetHints":{"allow":["GET"]}}],"collection":[{"href":"http:\/\/sergiometais.com.br\/index.php?rest_route=\/wp\/v2\/product"}],"about":[{"href":"http:\/\/sergiometais.com.br\/index.php?rest_route=\/wp\/v2\/types\/product"}],"replies":[{"embeddable":true,"href":"http:\/\/sergiometais.com.br\/index.php?rest_route=%2Fwp%2Fv2%2Fcomments&post=833"}],"wp:featuredmedia":[{"embeddable":true,"href":"http:\/\/sergiometais.com.br\/index.php?rest_route=\/wp\/v2\/media\/1709"}],"wp:attachment":[{"href":"http:\/\/sergiometais.com.br\/index.php?rest_route=%2Fwp%2Fv2%2Fmedia&parent=833"}],"wp:term":[{"taxonomy":"product_brand","embeddable":true,"href":"http:\/\/sergiometais.com.br\/index.php?rest_route=%2Fwp%2Fv2%2Fproduct_brand&post=833"},{"taxonomy":"product_cat","embeddable":true,"href":"http:\/\/sergiometais.com.br\/index.php?rest_route=%2Fwp%2Fv2%2Fproduct_cat&post=833"},{"taxonomy":"product_tag","embeddable":true,"href":"http:\/\/sergiometais.com.br\/index.php?rest_route=%2Fwp%2Fv2%2Fproduct_tag&post=833"}],"curies":[{"name":"wp","href":"https:\/\/api.w.org\/{rel}","templated":true}]}}