{"id":1808,"date":"2024-09-23T11:09:14","date_gmt":"2024-09-23T14:09:14","guid":{"rendered":"https:\/\/sergiometais.com.br\/?post_type=product&#038;p=1808"},"modified":"2024-09-24T08:46:24","modified_gmt":"2024-09-24T11:46:24","slug":"cinto-feminino","status":"publish","type":"product","link":"http:\/\/sergiometais.com.br\/?product=cinto-feminino","title":{"rendered":"Cinto Feminino"},"content":{"rendered":"","protected":false},"excerpt":{"rendered":"<p>FICHA T\u00c9CNICA:<br \/>\nMaterial:Couro<br \/>\nTipo: Cinto de Couro<br \/>\nComprimento do cinto\u00a0 105 cm e 2 cm de largura<br \/>\nFivela com 4 cm de largura e 3,5 de comprimento<br \/>\nPeso de 38 gramas.<\/p>\n<p>Fabrica\u00e7\u00e3o Pr\u00f3pria<\/p>\n","protected":false},"featured_media":1813,"comment_status":"open","ping_status":"closed","template":"","meta":[],"product_brand":[],"product_cat":[46],"product_tag":[],"class_list":{"0":"post-1808","1":"product","2":"type-product","3":"status-publish","4":"has-post-thumbnail","6":"product_cat-acessorios","8":"first","9":"instock","10":"shipping-taxable","11":"purchasable","12":"product-type-variable"},"jetpack_sharing_enabled":true,"_links":{"self":[{"href":"http:\/\/sergiometais.com.br\/index.php?rest_route=\/wp\/v2\/product\/1808","targetHints":{"allow":["GET"]}}],"collection":[{"href":"http:\/\/sergiometais.com.br\/index.php?rest_route=\/wp\/v2\/product"}],"about":[{"href":"http:\/\/sergiometais.com.br\/index.php?rest_route=\/wp\/v2\/types\/product"}],"replies":[{"embeddable":true,"href":"http:\/\/sergiometais.com.br\/index.php?rest_route=%2Fwp%2Fv2%2Fcomments&post=1808"}],"wp:featuredmedia":[{"embeddable":true,"href":"http:\/\/sergiometais.com.br\/index.php?rest_route=\/wp\/v2\/media\/1813"}],"wp:attachment":[{"href":"http:\/\/sergiometais.com.br\/index.php?rest_route=%2Fwp%2Fv2%2Fmedia&parent=1808"}],"wp:term":[{"taxonomy":"product_brand","embeddable":true,"href":"http:\/\/sergiometais.com.br\/index.php?rest_route=%2Fwp%2Fv2%2Fproduct_brand&post=1808"},{"taxonomy":"product_cat","embeddable":true,"href":"http:\/\/sergiometais.com.br\/index.php?rest_route=%2Fwp%2Fv2%2Fproduct_cat&post=1808"},{"taxonomy":"product_tag","embeddable":true,"href":"http:\/\/sergiometais.com.br\/index.php?rest_route=%2Fwp%2Fv2%2Fproduct_tag&post=1808"}],"curies":[{"name":"wp","href":"https:\/\/api.w.org\/{rel}","templated":true}]}}