{"id":1748,"date":"2024-09-10T08:30:52","date_gmt":"2024-09-10T11:30:52","guid":{"rendered":"https:\/\/sergiometais.com.br\/?post_type=product&#038;p=1748"},"modified":"2024-09-10T10:34:31","modified_gmt":"2024-09-10T13:34:31","slug":"pulseira-com-pingente-coracao","status":"publish","type":"product","link":"http:\/\/sergiometais.com.br\/?product=pulseira-com-pingente-coracao","title":{"rendered":"Pulseira com Pingente Cora\u00e7\u00e3o"},"content":{"rendered":"<h2>Eleg\u00e2ncia que Encanta<\/h2>\n<p>A pulseira com pingente cora\u00e7\u00e3o \u00e9 uma pe\u00e7a de joalheria que transmite amor e delicadeza. Ideal para diversas ocasi\u00f5es, este acess\u00f3rio n\u00e3o s\u00f3 embeleza, mas tamb\u00e9m simboliza sentimentos profundos. Voc\u00ea pode us\u00e1-la em eventos especiais ou no dia a dia, proporcionando um toque de sofistica\u00e7\u00e3o ao seu visual.<\/p>\n<h2>Materiais de Qualidade<\/h2>\n<p>Feita com materiais dur\u00e1veis, a pulseira oferece conforto e seguran\u00e7a. O pingente em forma de cora\u00e7\u00e3o \u00e9 um detalhe que faz toda a diferen\u00e7a, tornando a pe\u00e7a ainda mais encantadora. \u00c9 um presente perfeito para algu\u00e9m especial ou uma forma de se mimar.<\/p>\n<h2>Uma Pe\u00e7a Vers\u00e1til<\/h2>\n<p>Essa pulseira \u00e9 f\u00e1cil de combinar com outros acess\u00f3rios, permitindo a cria\u00e7\u00e3o de looks \u00fanicos. Experimente us\u00e1-la com outras pulseiras ou an\u00e9is para um efeito ainda mais impactante. Surpreenda-se com a versatilidade e beleza da pulseira com pingente cora\u00e7\u00e3o!<\/p>\n","protected":false},"excerpt":{"rendered":"<div class=\"woocommerce-product-details__short-description\">\n<p>FICHA T\u00c9CNICA:<br \/>\nMaterial: Liga de composto com Cobre (Zamac)<br \/>\nTipo: Corrente Veneziana de 3 mm.<br \/>\nPulseira de 21 cm de comprimento e 5cm de alongadora, totalizando 26 cm<br \/>\nPingente 2,5 cm de diametro.<br \/>\nPingente banhado em Ouro Catafor\u00e9tico.<br \/>\nPeso do Pulseira + pingente\u00a0 13 gramas<br \/>\nFabrica\u00e7\u00e3o Pr\u00f3pria<\/p>\n<\/div>\n","protected":false},"featured_media":1755,"comment_status":"open","ping_status":"closed","template":"","meta":[],"product_brand":[],"product_cat":[23],"product_tag":[],"class_list":{"0":"post-1748","1":"product","2":"type-product","3":"status-publish","4":"has-post-thumbnail","6":"product_cat-pulseira","8":"first","9":"instock","10":"shipping-taxable","11":"purchasable","12":"product-type-variable","13":"has-default-attributes"},"jetpack_sharing_enabled":true,"_links":{"self":[{"href":"http:\/\/sergiometais.com.br\/index.php?rest_route=\/wp\/v2\/product\/1748","targetHints":{"allow":["GET"]}}],"collection":[{"href":"http:\/\/sergiometais.com.br\/index.php?rest_route=\/wp\/v2\/product"}],"about":[{"href":"http:\/\/sergiometais.com.br\/index.php?rest_route=\/wp\/v2\/types\/product"}],"replies":[{"embeddable":true,"href":"http:\/\/sergiometais.com.br\/index.php?rest_route=%2Fwp%2Fv2%2Fcomments&post=1748"}],"wp:featuredmedia":[{"embeddable":true,"href":"http:\/\/sergiometais.com.br\/index.php?rest_route=\/wp\/v2\/media\/1755"}],"wp:attachment":[{"href":"http:\/\/sergiometais.com.br\/index.php?rest_route=%2Fwp%2Fv2%2Fmedia&parent=1748"}],"wp:term":[{"taxonomy":"product_brand","embeddable":true,"href":"http:\/\/sergiometais.com.br\/index.php?rest_route=%2Fwp%2Fv2%2Fproduct_brand&post=1748"},{"taxonomy":"product_cat","embeddable":true,"href":"http:\/\/sergiometais.com.br\/index.php?rest_route=%2Fwp%2Fv2%2Fproduct_cat&post=1748"},{"taxonomy":"product_tag","embeddable":true,"href":"http:\/\/sergiometais.com.br\/index.php?rest_route=%2Fwp%2Fv2%2Fproduct_tag&post=1748"}],"curies":[{"name":"wp","href":"https:\/\/api.w.org\/{rel}","templated":true}]}}