{"id":1722,"date":"2024-08-29T10:32:13","date_gmt":"2024-08-29T13:32:13","guid":{"rendered":"https:\/\/sergiometais.com.br\/?post_type=product&#038;p=1722"},"modified":"2024-08-29T11:05:19","modified_gmt":"2024-08-29T14:05:19","slug":"pulseira-com-pingente-olho-grego","status":"publish","type":"product","link":"http:\/\/sergiometais.com.br\/?product=pulseira-com-pingente-olho-grego","title":{"rendered":"Pulseira com Pingente Olho Grego"},"content":{"rendered":"<h2>Introdu\u00e7\u00e3o \u00e0 Pulseira com Pingente Olho Grego<\/h2>\n<p>A pulseira com pingente olho grego \u00e9 mais do que um simples acess\u00f3rio. \u00c9 um s\u00edmbolo de prote\u00e7\u00e3o que agrega valor e personalidade ao seu estilo.<\/p>\n<h2>Design e Estilo<\/h2>\n<p>Projetada com materiais de alta qualidade, a pulseira apresenta um pingente de olho grego que atrai olhares e complementa diversos visuais, desde ocasi\u00f5es casuais at\u00e9 eventos mais formais.<\/p>\n<h2>Significado e Cren\u00e7as<\/h2>\n<p>A cren\u00e7a popular atribui ao olho grego o poder de afastar energias negativas e proporcionar prote\u00e7\u00e3o espiritual. Ao us\u00e1-la, al\u00e9m de real\u00e7ar seu estilo, voc\u00ea tamb\u00e9m se conecta com uma tradi\u00e7\u00e3o milenar de safeguarda.<\/p>\n","protected":false},"excerpt":{"rendered":"<div class=\"woocommerce-product-details__short-description\">\n<p>FICHA T\u00c9CNICA:<br \/>\nMaterial: Liga de composto com Cobre (Zamac)<br \/>\nTipo: Corrente Veneziana de 3 mm.<br \/>\nPulseira de 21 cm de comprimento e 5cm de alongadora, totalizando 26 cm<br \/>\nPingente 2,5 cm de diametro.<br \/>\nPingente banhado em Ouro Catafor\u00e9tico.<br \/>\nPeso do Pulseira + pingente\u00a0 13 gramas<br \/>\nFabrica\u00e7\u00e3o Pr\u00f3pria<\/p>\n<\/div>\n","protected":false},"featured_media":1743,"comment_status":"open","ping_status":"closed","template":"","meta":[],"product_brand":[],"product_cat":[23],"product_tag":[],"class_list":{"0":"post-1722","1":"product","2":"type-product","3":"status-publish","4":"has-post-thumbnail","6":"product_cat-pulseira","8":"first","9":"instock","10":"shipping-taxable","11":"purchasable","12":"product-type-variable","13":"has-default-attributes"},"jetpack_sharing_enabled":true,"_links":{"self":[{"href":"http:\/\/sergiometais.com.br\/index.php?rest_route=\/wp\/v2\/product\/1722","targetHints":{"allow":["GET"]}}],"collection":[{"href":"http:\/\/sergiometais.com.br\/index.php?rest_route=\/wp\/v2\/product"}],"about":[{"href":"http:\/\/sergiometais.com.br\/index.php?rest_route=\/wp\/v2\/types\/product"}],"replies":[{"embeddable":true,"href":"http:\/\/sergiometais.com.br\/index.php?rest_route=%2Fwp%2Fv2%2Fcomments&post=1722"}],"wp:featuredmedia":[{"embeddable":true,"href":"http:\/\/sergiometais.com.br\/index.php?rest_route=\/wp\/v2\/media\/1743"}],"wp:attachment":[{"href":"http:\/\/sergiometais.com.br\/index.php?rest_route=%2Fwp%2Fv2%2Fmedia&parent=1722"}],"wp:term":[{"taxonomy":"product_brand","embeddable":true,"href":"http:\/\/sergiometais.com.br\/index.php?rest_route=%2Fwp%2Fv2%2Fproduct_brand&post=1722"},{"taxonomy":"product_cat","embeddable":true,"href":"http:\/\/sergiometais.com.br\/index.php?rest_route=%2Fwp%2Fv2%2Fproduct_cat&post=1722"},{"taxonomy":"product_tag","embeddable":true,"href":"http:\/\/sergiometais.com.br\/index.php?rest_route=%2Fwp%2Fv2%2Fproduct_tag&post=1722"}],"curies":[{"name":"wp","href":"https:\/\/api.w.org\/{rel}","templated":true}]}}