{"id":1551,"date":"2024-07-22T12:37:05","date_gmt":"2024-07-22T15:37:05","guid":{"rendered":"https:\/\/sergiometais.com.br\/?post_type=product&#038;p=1551"},"modified":"2024-08-29T08:36:39","modified_gmt":"2024-08-29T11:36:39","slug":"colar-entrelacado-resinado","status":"publish","type":"product","link":"http:\/\/sergiometais.com.br\/?product=colar-entrelacado-resinado","title":{"rendered":"Colar Entrela\u00e7ado Resinado"},"content":{"rendered":"","protected":false},"excerpt":{"rendered":"<h2 class=\"vtex-store-components-3-x-productDescriptionTitle t-heading-5 mb5 mt0\">Descri\u00e7\u00e3o:<\/h2>\n<div class=\"vtex-store-components-3-x-productDescriptionText c-muted-1\">\n<div>Produzido em Liga nobre de cobre<\/div>\n<div>FICHA T\u00c9CNICA:<\/div>\n<div>Material: 100% Zamac<\/div>\n<div>Tipo: corrente com pe\u00e7as resinadas.<\/div>\n<div>Banhado Ouro Catafor\u00e9tico<\/div>\n<div>Fabrica\u00e7\u00e3o Pr\u00f3pria<\/div>\n<div>Corrente Veneziana de 3 mm<\/div>\n<div>Colar de 40 cm de altura .<\/div>\n<\/div>\n","protected":false},"featured_media":1544,"comment_status":"open","ping_status":"closed","template":"","meta":[],"product_brand":[],"product_cat":[18],"product_tag":[],"class_list":{"0":"post-1551","1":"product","2":"type-product","3":"status-publish","4":"has-post-thumbnail","6":"product_cat-colar","8":"first","9":"instock","10":"purchasable","11":"product-type-simple"},"jetpack_sharing_enabled":true,"_links":{"self":[{"href":"http:\/\/sergiometais.com.br\/index.php?rest_route=\/wp\/v2\/product\/1551","targetHints":{"allow":["GET"]}}],"collection":[{"href":"http:\/\/sergiometais.com.br\/index.php?rest_route=\/wp\/v2\/product"}],"about":[{"href":"http:\/\/sergiometais.com.br\/index.php?rest_route=\/wp\/v2\/types\/product"}],"replies":[{"embeddable":true,"href":"http:\/\/sergiometais.com.br\/index.php?rest_route=%2Fwp%2Fv2%2Fcomments&post=1551"}],"wp:featuredmedia":[{"embeddable":true,"href":"http:\/\/sergiometais.com.br\/index.php?rest_route=\/wp\/v2\/media\/1544"}],"wp:attachment":[{"href":"http:\/\/sergiometais.com.br\/index.php?rest_route=%2Fwp%2Fv2%2Fmedia&parent=1551"}],"wp:term":[{"taxonomy":"product_brand","embeddable":true,"href":"http:\/\/sergiometais.com.br\/index.php?rest_route=%2Fwp%2Fv2%2Fproduct_brand&post=1551"},{"taxonomy":"product_cat","embeddable":true,"href":"http:\/\/sergiometais.com.br\/index.php?rest_route=%2Fwp%2Fv2%2Fproduct_cat&post=1551"},{"taxonomy":"product_tag","embeddable":true,"href":"http:\/\/sergiometais.com.br\/index.php?rest_route=%2Fwp%2Fv2%2Fproduct_tag&post=1551"}],"curies":[{"name":"wp","href":"https:\/\/api.w.org\/{rel}","templated":true}]}}