{"id":1250,"date":"2024-07-01T16:06:30","date_gmt":"2024-07-01T19:06:30","guid":{"rendered":"https:\/\/sergiometais.com.br\/?post_type=product&#038;p=1250"},"modified":"2025-09-12T11:01:26","modified_gmt":"2025-09-12T14:01:26","slug":"bracelete-com-strass","status":"publish","type":"product","link":"http:\/\/sergiometais.com.br\/?product=bracelete-com-strass","title":{"rendered":"Bracelete com strass"},"content":{"rendered":"<h2>Design Exclusivo e Refinado<\/h2>\n<p>O bracelete com strass banhado a 7 mil\u00e9simos de ouro \u00e9 a escolha perfeita para quem busca um acess\u00f3rio que combine luxo e eleg\u00e2ncia. Este bracelete foi cuidadosamente elaborado para destacar o brilho dos strass, proporcionando um toque de glamour a qualquer look. Cada pe\u00e7a \u00e9 um testemunho da excel\u00eancia em design e da aten\u00e7\u00e3o meticulosa aos detalhes.<\/p>\n<h2>Qualidade Impec\u00e1vel<\/h2>\n<p>Feito com materiais de alta qualidade, o bracelete banhado a 7 mil\u00e9simos de ouro garante durabilidade e resist\u00eancia. O banho de ouro de 7 mil\u00e9simos oferece uma camada protetora que preserva o brilho original do acess\u00f3rio, evitando o desgaste comum em pe\u00e7as de uso di\u00e1rio. Al\u00e9m disso, o strass utilizado \u00e9 selecionado cuidadosamente para garantir um brilho intenso e duradouro.<\/p>\n<h2>Versatilidade e Estilo<\/h2>\n<p>Este bracelete com strass \u00e9 extremamente vers\u00e1til, podendo ser usado em diversas ocasi\u00f5es, desde eventos formais at\u00e9 encontros casuais. Seu design cl\u00e1ssico e sofisticado permite que ele seja combinado com outros acess\u00f3rios, criando composi\u00e7\u00f5es \u00fanicas e personalizadas. Seja para presentear algu\u00e9m especial ou para adicionar um toque de eleg\u00e2ncia ao seu pr\u00f3prio guarda-roupa, este bracelete \u00e9 uma excelente escolha.<\/p>\n<h2>Como Adquirir<\/h2>\n<p>Adquirir o bracelete com strass banhado a 7 mil\u00e9simos de ouro \u00e9 simples e conveniente. Dispon\u00edvel em nossa loja online, voc\u00ea pode facilmente navegar pelo nosso cat\u00e1logo e escolher a pe\u00e7a que mais lhe agrada. Oferecemos diversas op\u00e7\u00f5es de pagamento e entrega r\u00e1pida para garantir que voc\u00ea receba seu bracelete com a m\u00e1xima comodidade.<\/p>\n<p>N\u00e3o perca a oportunidade de adicionar um toque de luxo ao seu estilo com este bracelete exclusivo. Garanta j\u00e1 o seu e desfrute de toda a sofistica\u00e7\u00e3o que ele oferece.<\/p>\n","protected":false},"excerpt":{"rendered":"<div class=\"woocommerce-product-details__short-description\">\n<h2 class=\"vtex-store-components-3-x-productDescriptionTitle t-heading-5 mb5 mt0\">Descri\u00e7\u00e3o:<\/h2>\n<div class=\"vtex-store-components-3-x-productDescriptionText c-muted-1\">\n<div>Produzido em Lat\u00e3o<\/div>\n<div>FICHA T\u00c9CNICA:<\/div>\n<div>Material: 100% Lat\u00e3o<\/div>\n<div>Tipo: bracelete de lat\u00e3o com pedra de zirc\u00f4nia<\/div>\n<div>Banhado a\u00a0 ouro\u00a0 18 K<\/div>\n<div>Fabrica\u00e7\u00e3o Pr\u00f3pria<\/div>\n<div>Garantia de 6 meses<\/div>\n<\/div>\n<\/div>\n","protected":false},"featured_media":1595,"comment_status":"open","ping_status":"closed","template":"","meta":[],"product_brand":[],"product_cat":[39],"product_tag":[],"class_list":{"0":"post-1250","1":"product","2":"type-product","3":"status-publish","4":"has-post-thumbnail","6":"product_cat-semijoia","8":"first","9":"instock","10":"shipping-taxable","11":"purchasable","12":"product-type-simple"},"jetpack_sharing_enabled":true,"_links":{"self":[{"href":"http:\/\/sergiometais.com.br\/index.php?rest_route=\/wp\/v2\/product\/1250","targetHints":{"allow":["GET"]}}],"collection":[{"href":"http:\/\/sergiometais.com.br\/index.php?rest_route=\/wp\/v2\/product"}],"about":[{"href":"http:\/\/sergiometais.com.br\/index.php?rest_route=\/wp\/v2\/types\/product"}],"replies":[{"embeddable":true,"href":"http:\/\/sergiometais.com.br\/index.php?rest_route=%2Fwp%2Fv2%2Fcomments&post=1250"}],"wp:featuredmedia":[{"embeddable":true,"href":"http:\/\/sergiometais.com.br\/index.php?rest_route=\/wp\/v2\/media\/1595"}],"wp:attachment":[{"href":"http:\/\/sergiometais.com.br\/index.php?rest_route=%2Fwp%2Fv2%2Fmedia&parent=1250"}],"wp:term":[{"taxonomy":"product_brand","embeddable":true,"href":"http:\/\/sergiometais.com.br\/index.php?rest_route=%2Fwp%2Fv2%2Fproduct_brand&post=1250"},{"taxonomy":"product_cat","embeddable":true,"href":"http:\/\/sergiometais.com.br\/index.php?rest_route=%2Fwp%2Fv2%2Fproduct_cat&post=1250"},{"taxonomy":"product_tag","embeddable":true,"href":"http:\/\/sergiometais.com.br\/index.php?rest_route=%2Fwp%2Fv2%2Fproduct_tag&post=1250"}],"curies":[{"name":"wp","href":"https:\/\/api.w.org\/{rel}","templated":true}]}}