{"id":1045,"date":"2024-04-04T08:39:08","date_gmt":"2024-04-04T11:39:08","guid":{"rendered":"https:\/\/sergiometais.com.br\/?post_type=product&#038;p=1045"},"modified":"2024-08-29T08:37:15","modified_gmt":"2024-08-29T11:37:15","slug":"colar-com-pingente-de-filho-e-filha-com-strass","status":"publish","type":"product","link":"http:\/\/sergiometais.com.br\/?product=colar-com-pingente-de-filho-e-filha-com-strass","title":{"rendered":"Colar  com Pingente de Filho e Filha com Strass"},"content":{"rendered":"<h2>Colar com Pingente de Filhos: Uma Lembran\u00e7a Preciosa<\/h2>\n<p>O colar com pingente de filhos \u00e9 uma pe\u00e7a de joalheria especial e significativa que permite \u00e0s m\u00e3es carregarem seus filhos sempre perto do cora\u00e7\u00e3o. Este colar \u00e9 uma lembran\u00e7a preciosa que simboliza o amor incondicional e o v\u00ednculo eterno entre m\u00e3e e filhos.<\/p>\n<p>O pingente do colar \u00e9 personalizado , tornando-o \u00fanico e exclusivo para cada m\u00e3e.<\/p>\n<p>Feito com materiais de alta qualidade, o colar com pingente de filhos \u00e9 dur\u00e1vel e resistente ao desgaste di\u00e1rio. Seu design elegante e discreto faz com que seja uma escolha vers\u00e1til, adequada para uso em qualquer ocasi\u00e3o.<\/p>\n<p>Al\u00e9m de ser uma pe\u00e7a de joalheria bonita, o colar com pingente de filhos tamb\u00e9m carrega um significado emocional profundo. \u00c9 um s\u00edmbolo do amor materno e da dedica\u00e7\u00e3o incans\u00e1vel das m\u00e3es aos seus filhos. \u00c9 uma lembran\u00e7a que pode ser passada de gera\u00e7\u00e3o em gera\u00e7\u00e3o, tornando-se um tesouro familiar.<\/p>\n<p>Se voc\u00ea est\u00e1 procurando um presente especial para uma m\u00e3e, o colar com pingente de filhos \u00e9 uma escolha perfeita. \u00c9 uma maneira de expressar amor e gratid\u00e3o, e de lembrar a m\u00e3e de que seus filhos est\u00e3o sempre com ela, n\u00e3o importa onde estejam.<\/p>\n","protected":false},"excerpt":{"rendered":"<div class=\"woocommerce-product-details__short-description\">FICHA T\u00c9CNICA:<br \/>\nMaterial: Liga de composto com\u00a0 Cobre (Zamac)<br \/>\nTipo: Corrente Veneziana de 1,5 mm.<br \/>\nComprimento do colar 40 cm + 10cm de Alongadora<br \/>\nPingente de 3 cm de altura.<br \/>\nPeso de 20 gramas.<br \/>\nBanho Ouro Cataforecito.<br \/>\nFabrica\u00e7\u00e3o Pr\u00f3pria<\/div>\n","protected":false},"featured_media":1557,"comment_status":"open","ping_status":"closed","template":"","meta":[],"product_brand":[],"product_cat":[18],"product_tag":[],"class_list":{"0":"post-1045","1":"product","2":"type-product","3":"status-publish","4":"has-post-thumbnail","6":"product_cat-colar","8":"first","9":"instock","10":"purchasable","11":"product-type-simple"},"jetpack_sharing_enabled":true,"_links":{"self":[{"href":"http:\/\/sergiometais.com.br\/index.php?rest_route=\/wp\/v2\/product\/1045","targetHints":{"allow":["GET"]}}],"collection":[{"href":"http:\/\/sergiometais.com.br\/index.php?rest_route=\/wp\/v2\/product"}],"about":[{"href":"http:\/\/sergiometais.com.br\/index.php?rest_route=\/wp\/v2\/types\/product"}],"replies":[{"embeddable":true,"href":"http:\/\/sergiometais.com.br\/index.php?rest_route=%2Fwp%2Fv2%2Fcomments&post=1045"}],"wp:featuredmedia":[{"embeddable":true,"href":"http:\/\/sergiometais.com.br\/index.php?rest_route=\/wp\/v2\/media\/1557"}],"wp:attachment":[{"href":"http:\/\/sergiometais.com.br\/index.php?rest_route=%2Fwp%2Fv2%2Fmedia&parent=1045"}],"wp:term":[{"taxonomy":"product_brand","embeddable":true,"href":"http:\/\/sergiometais.com.br\/index.php?rest_route=%2Fwp%2Fv2%2Fproduct_brand&post=1045"},{"taxonomy":"product_cat","embeddable":true,"href":"http:\/\/sergiometais.com.br\/index.php?rest_route=%2Fwp%2Fv2%2Fproduct_cat&post=1045"},{"taxonomy":"product_tag","embeddable":true,"href":"http:\/\/sergiometais.com.br\/index.php?rest_route=%2Fwp%2Fv2%2Fproduct_tag&post=1045"}],"curies":[{"name":"wp","href":"https:\/\/api.w.org\/{rel}","templated":true}]}}