{"id":1002,"date":"2024-03-11T14:08:02","date_gmt":"2024-03-11T17:08:02","guid":{"rendered":"https:\/\/sergiometais.com.br\/?post_type=product&#038;p=1002"},"modified":"2024-08-29T08:37:38","modified_gmt":"2024-08-29T11:37:38","slug":"colar-cordao-veneziana-feminino-pingente-nossa-senhora-grande","status":"publish","type":"product","link":"http:\/\/sergiometais.com.br\/?product=colar-cordao-veneziana-feminino-pingente-nossa-senhora-grande","title":{"rendered":"Colar cord\u00e3o Veneziana Feminino pingente Nossa Senhora Grande"},"content":{"rendered":"<p>O Colar Nossa Senhora \u00e9 uma pe\u00e7a de joalheria religiosa que celebra a devo\u00e7\u00e3o \u00e0 Virgem Maria. Feito com materiais de alta qualidade e design elegante, esse colar \u00e9 perfeito para quem deseja demonstrar sua f\u00e9 de maneira sofisticada.<\/p>\n<p>O colar apresenta um pingente delicado de Nossa Senhora, com detalhes finamente trabalhados e um acabamento impec\u00e1vel. O pingente \u00e9 suspenso em uma corrente tamb\u00e9m de qualidade, garantindo durabilidade e resist\u00eancia.<\/p>\n<p>Al\u00e9m de ser uma pe\u00e7a de beleza est\u00e9tica, o Colar Nossa Senhora tamb\u00e9m possui um significado espiritual profundo. Us\u00e1-lo \u00e9 uma forma de expressar devo\u00e7\u00e3o e buscar a prote\u00e7\u00e3o e intercess\u00e3o de Nossa Senhora em todos os momentos da vida.<\/p>\n<p>Esse colar \u00e9 uma \u00f3tima op\u00e7\u00e3o de presente para amigos e familiares que t\u00eam f\u00e9 e apreciam joias de qualidade. Seja para ocasi\u00f5es especiais ou uso di\u00e1rio, o Colar Nossa Senhora \u00e9 uma escolha atemporal e significativa.<\/p>\n<p>Adquira agora mesmo o Colar Nossa Senhora e tenha consigo um s\u00edmbolo de f\u00e9 e prote\u00e7\u00e3o. Aproveite a eleg\u00e2ncia e a beleza dessa pe\u00e7a de joalheria religiosa e fortale\u00e7a sua devo\u00e7\u00e3o \u00e0 Virgem Maria.<\/p>\n","protected":false},"excerpt":{"rendered":"<div class=\"woocommerce-product-details__short-description\">\n<div class=\"woocommerce-product-details__short-description\">\n<div class=\"woocommerce-product-details__short-description\">\n<div class=\"woocommerce-product-details__short-description\">\n<p>Corrente Veneziana de 3\u00a0 mm.<\/p>\n<p>Colar de 40 cm de altura mais alongadora de 10 cm , totalizando 50 cm.<\/p>\n<p>Pingente<\/p>\n<p>Pingente banhado em Ouro Catafor\u00e9tico.<\/p>\n<p>Peso do colar + pingente\u00a0 27 gramas.<\/p>\n<\/div>\n<\/div>\n<\/div>\n<\/div>\n","protected":false},"featured_media":1686,"comment_status":"open","ping_status":"closed","template":"","meta":[],"product_brand":[],"product_cat":[18],"product_tag":[],"class_list":{"0":"post-1002","1":"product","2":"type-product","3":"status-publish","4":"has-post-thumbnail","6":"product_cat-colar","8":"first","9":"instock","10":"purchasable","11":"product-type-simple"},"jetpack_sharing_enabled":true,"_links":{"self":[{"href":"http:\/\/sergiometais.com.br\/index.php?rest_route=\/wp\/v2\/product\/1002","targetHints":{"allow":["GET"]}}],"collection":[{"href":"http:\/\/sergiometais.com.br\/index.php?rest_route=\/wp\/v2\/product"}],"about":[{"href":"http:\/\/sergiometais.com.br\/index.php?rest_route=\/wp\/v2\/types\/product"}],"replies":[{"embeddable":true,"href":"http:\/\/sergiometais.com.br\/index.php?rest_route=%2Fwp%2Fv2%2Fcomments&post=1002"}],"wp:featuredmedia":[{"embeddable":true,"href":"http:\/\/sergiometais.com.br\/index.php?rest_route=\/wp\/v2\/media\/1686"}],"wp:attachment":[{"href":"http:\/\/sergiometais.com.br\/index.php?rest_route=%2Fwp%2Fv2%2Fmedia&parent=1002"}],"wp:term":[{"taxonomy":"product_brand","embeddable":true,"href":"http:\/\/sergiometais.com.br\/index.php?rest_route=%2Fwp%2Fv2%2Fproduct_brand&post=1002"},{"taxonomy":"product_cat","embeddable":true,"href":"http:\/\/sergiometais.com.br\/index.php?rest_route=%2Fwp%2Fv2%2Fproduct_cat&post=1002"},{"taxonomy":"product_tag","embeddable":true,"href":"http:\/\/sergiometais.com.br\/index.php?rest_route=%2Fwp%2Fv2%2Fproduct_tag&post=1002"}],"curies":[{"name":"wp","href":"https:\/\/api.w.org\/{rel}","templated":true}]}}