{"id":1000,"date":"2024-03-11T14:03:43","date_gmt":"2024-03-11T17:03:43","guid":{"rendered":"https:\/\/sergiometais.com.br\/?post_type=product&#038;p=1000"},"modified":"2024-08-07T16:07:11","modified_gmt":"2024-08-07T19:07:11","slug":"pulseira-com-pingente-flor-de-strass","status":"publish","type":"product","link":"http:\/\/sergiometais.com.br\/?product=pulseira-com-pingente-flor-de-strass","title":{"rendered":"Pulseira com Pingente Flor de Strass"},"content":{"rendered":"<p>A pulseira Flor de Strass \u00e9 o acess\u00f3rio perfeito para adicionar um toque de eleg\u00e2ncia e brilho ao seu visual. Com um design delicado e sofisticado, esta pulseira \u00e9 ideal para ocasi\u00f5es especiais ou para dar um toque de glamour ao seu dia a dia.<\/p>\n<p>A pulseira \u00e9 feita com strass de alta qualidade, que proporciona um brilho intenso e duradouro. A pedra central em formato de flor \u00e9 o destaque deste acess\u00f3rio, trazendo um toque de feminilidade e charme. Al\u00e9m disso, a pulseira \u00e9 ajust\u00e1vel, permitindo que voc\u00ea a adapte ao tamanho do seu pulso.<\/p>\n<p>A pulseira Flor de Strass \u00e9 vers\u00e1til e pode ser combinada com diferentes estilos de roupas e acess\u00f3rios. Use-a sozinha para um visual mais discreto e elegante, ou combine-a com outras pulseiras para criar um look mais ousado e moderno.<\/p>\n<p>Este acess\u00f3rio tamb\u00e9m \u00e9 uma \u00f3tima op\u00e7\u00e3o de presente para aquela pessoa especial. Demonstre seu carinho e bom gosto presenteando com a pulseira Flor de Strass.<\/p>\n<p>Adquira agora mesmo a pulseira Flor de Strass e adicione um toque de brilho e sofistica\u00e7\u00e3o aos seus looks!<\/p>\n","protected":false},"excerpt":{"rendered":"<p>Pingente e pulseira banhado em Ouro Catafor\u00e9tico.<\/p>\n<p>Comprimento da pulseira<\/p>\n<p>Peso do PIngente<\/p>\n","protected":false},"featured_media":1568,"comment_status":"open","ping_status":"closed","template":"","meta":[],"product_brand":[],"product_cat":[23],"product_tag":[],"class_list":{"0":"post-1000","1":"product","2":"type-product","3":"status-publish","4":"has-post-thumbnail","6":"product_cat-pulseira","8":"first","9":"instock","10":"purchasable","11":"product-type-simple"},"jetpack_sharing_enabled":true,"_links":{"self":[{"href":"http:\/\/sergiometais.com.br\/index.php?rest_route=\/wp\/v2\/product\/1000","targetHints":{"allow":["GET"]}}],"collection":[{"href":"http:\/\/sergiometais.com.br\/index.php?rest_route=\/wp\/v2\/product"}],"about":[{"href":"http:\/\/sergiometais.com.br\/index.php?rest_route=\/wp\/v2\/types\/product"}],"replies":[{"embeddable":true,"href":"http:\/\/sergiometais.com.br\/index.php?rest_route=%2Fwp%2Fv2%2Fcomments&post=1000"}],"wp:featuredmedia":[{"embeddable":true,"href":"http:\/\/sergiometais.com.br\/index.php?rest_route=\/wp\/v2\/media\/1568"}],"wp:attachment":[{"href":"http:\/\/sergiometais.com.br\/index.php?rest_route=%2Fwp%2Fv2%2Fmedia&parent=1000"}],"wp:term":[{"taxonomy":"product_brand","embeddable":true,"href":"http:\/\/sergiometais.com.br\/index.php?rest_route=%2Fwp%2Fv2%2Fproduct_brand&post=1000"},{"taxonomy":"product_cat","embeddable":true,"href":"http:\/\/sergiometais.com.br\/index.php?rest_route=%2Fwp%2Fv2%2Fproduct_cat&post=1000"},{"taxonomy":"product_tag","embeddable":true,"href":"http:\/\/sergiometais.com.br\/index.php?rest_route=%2Fwp%2Fv2%2Fproduct_tag&post=1000"}],"curies":[{"name":"wp","href":"https:\/\/api.w.org\/{rel}","templated":true}]}}