{"id":1261,"date":"2024-07-10T09:32:32","date_gmt":"2024-07-10T12:32:32","guid":{"rendered":"https:\/\/sergiometais.com.br\/?page_id=1261"},"modified":"2024-07-24T15:16:00","modified_gmt":"2024-07-24T18:16:00","slug":"mc","status":"publish","type":"page","link":"http:\/\/sergiometais.com.br\/?page_id=1261","title":{"rendered":"Termo de Garantia"},"content":{"rendered":"\n<p>Garantia legal: prevista no C\u00f3digo de Defesa do Consumidor (CDC) para os produtos de \u201cbens de consumo\u201d conforme a durabilidade e fun\u00e7\u00e3o. As semijoias est\u00e3o na classifica\u00e7\u00e3o de bens semi dur\u00e1vel com roupas, sapatos e bolsas. Estes produtos possuem garantia de 90 dias a partir da data da compra, independente do fabricante informar isso ou n\u00e3o.<br>Assim, a semijoia tem no m\u00ednimo 90 dias de garantia obrigatoriamente por lei. Entretanto, essa garantia n\u00e3o cobre todos os fatores.<\/p>\n\n\n\n<p>A SERGIO METAIS oferece garantia de 6 meses  contra o desgaste natural do banho e suas crava\u00e7\u00f5es para todos os seus produtos. Oferecemos essa cobertura por confiarmos nas nossas semijoias e no nosso processo de banho de brilho .<\/p>\n\n\n\n<p>Assim, n\u00e3o cobrimos:<\/p>\n\n\n\n<p>-Amassados;<br>-Arranh\u00f5es por atrito em superf\u00edcies \u00e1speras e duras, quedas ou choques;\u00a0<br>-Desgaste por contato com \u00e1gua, sal, perfumes, cremes e outros produtos qu\u00edmicos que danificaram o revestimento de ouro ou r\u00f3dio;<br>-Pino de brinco quebrado;<br>-Corrente arrebentada.<\/p>\n","protected":false},"excerpt":{"rendered":"<p>Garantia legal: prevista no C\u00f3digo de Defesa do Consumidor (CDC) para os produtos de \u201cbens de consumo\u201d conforme a durabilidade e fun\u00e7\u00e3o. As semijoias est\u00e3o na classifica\u00e7\u00e3o de bens semi dur\u00e1vel com roupas, sapatos e bolsas. Estes produtos possuem garantia de 90 dias a partir da data da compra, independente do fabricante informar isso ou [&hellip;]<\/p>\n","protected":false},"author":1,"featured_media":0,"parent":0,"menu_order":0,"comment_status":"closed","ping_status":"closed","template":"","meta":{"footnotes":""},"class_list":["post-1261","page","type-page","status-publish","hentry"],"jetpack_sharing_enabled":true,"_links":{"self":[{"href":"http:\/\/sergiometais.com.br\/index.php?rest_route=\/wp\/v2\/pages\/1261","targetHints":{"allow":["GET"]}}],"collection":[{"href":"http:\/\/sergiometais.com.br\/index.php?rest_route=\/wp\/v2\/pages"}],"about":[{"href":"http:\/\/sergiometais.com.br\/index.php?rest_route=\/wp\/v2\/types\/page"}],"author":[{"embeddable":true,"href":"http:\/\/sergiometais.com.br\/index.php?rest_route=\/wp\/v2\/users\/1"}],"replies":[{"embeddable":true,"href":"http:\/\/sergiometais.com.br\/index.php?rest_route=%2Fwp%2Fv2%2Fcomments&post=1261"}],"version-history":[{"count":7,"href":"http:\/\/sergiometais.com.br\/index.php?rest_route=\/wp\/v2\/pages\/1261\/revisions"}],"predecessor-version":[{"id":1605,"href":"http:\/\/sergiometais.com.br\/index.php?rest_route=\/wp\/v2\/pages\/1261\/revisions\/1605"}],"wp:attachment":[{"href":"http:\/\/sergiometais.com.br\/index.php?rest_route=%2Fwp%2Fv2%2Fmedia&parent=1261"}],"curies":[{"name":"wp","href":"https:\/\/api.w.org\/{rel}","templated":true}]}}